{"id":2,"date":"2023-04-25T05:27:04","date_gmt":"2023-04-25T10:27:04","guid":{"rendered":"https:\/\/casaitaliagourmet.com\/catalogo\/?page_id=2"},"modified":"2023-06-28T02:46:47","modified_gmt":"2023-06-28T07:46:47","slug":"nosotros","status":"publish","type":"page","link":"https:\/\/casaitaliagourmet.com\/catalogo\/nosotros\/","title":{"rendered":"Nosotros"},"content":{"rendered":"\n<p class=\"has-text-align-center\"><img loading=\"lazy\" decoding=\"async\" width=\"358\" height=\"150\" class=\"wp-image-558\" style=\"width: 358px;\" src=\"https:\/\/casaitaliagourmet.com\/catalogo\/wp-content\/uploads\/logo-nosotros.png\" alt=\"\" srcset=\"https:\/\/casaitaliagourmet.com\/catalogo\/wp-content\/uploads\/logo-nosotros.png 358w, https:\/\/casaitaliagourmet.com\/catalogo\/wp-content\/uploads\/logo-nosotros-300x126.png 300w\" sizes=\"auto, (max-width: 358px) 100vw, 358px\" \/><\/p>\n\n\n\n<p>Casa Italia Gourmet es una marca de Pegaso Enterprise SAS, empresa dedicada a la importaci\u00f3n y comercializaci\u00f3n de productos 100% italianos de la m\u00e1s alta calidad. Con un equipo de expertos de la industria, hemos logrado reunir y ofrecer una amplia gama de productos exclusivos, los cuales han sido seleccionados cuidadosamente desde Italia para garantizar su autenticidad y excelencia en sabor y calidad.<\/p>\n\n\n\n<p>En Casa Italia Gourmet estamos orgullosos de nuestro compromiso con la calidad y la autenticidad de los productos italianos que ofrecemos. Nuestra misi\u00f3n es hacer que los sabores y tradiciones de Italia lleguen a los restaurantes y hogares colombianos, ofreciendo una experiencia \u00fanica y aut\u00e9ntica a los amantes de la cocina italiana.<\/p>\n\n\n\n<p>Adem\u00e1s de enfocarnos en ser sostenibles, nuestra responsabilidad social nos compromete a trabajar de manera directa con productores locales en Italia, fomentando as\u00ed el comercio justo y sostenible promoviendo la preservaci\u00f3n de las tradiciones culinarias italianas.<br><br>En Casa Italia Gourmet estamos comprometidos con la calidad, originalidad y sostenibilidad, procuramos llevar los aut\u00e9nticos sabores italianos a todas las mesas.<\/p>\n","protected":false},"excerpt":{"rendered":"<p>Casa Italia Gourmet es una marca de Pegaso Enterprise SAS, empresa dedicada a la importaci\u00f3n y comercializaci\u00f3n de productos 100% italianos de la m\u00e1s alta calidad. Con un equipo de [&hellip;]<\/p>\n","protected":false},"author":1,"featured_media":0,"parent":0,"menu_order":0,"comment_status":"closed","ping_status":"closed","template":"","meta":{"footnotes":""},"categories":[1],"tags":[],"class_list":["post-2","page","type-page","status-publish","hentry","category-casa-italia-gourmet"],"_links":{"self":[{"href":"https:\/\/casaitaliagourmet.com\/catalogo\/wp-json\/wp\/v2\/pages\/2","targetHints":{"allow":["GET"]}}],"collection":[{"href":"https:\/\/casaitaliagourmet.com\/catalogo\/wp-json\/wp\/v2\/pages"}],"about":[{"href":"https:\/\/casaitaliagourmet.com\/catalogo\/wp-json\/wp\/v2\/types\/page"}],"author":[{"embeddable":true,"href":"https:\/\/casaitaliagourmet.com\/catalogo\/wp-json\/wp\/v2\/users\/1"}],"replies":[{"embeddable":true,"href":"https:\/\/casaitaliagourmet.com\/catalogo\/wp-json\/wp\/v2\/comments?post=2"}],"version-history":[{"count":0,"href":"https:\/\/casaitaliagourmet.com\/catalogo\/wp-json\/wp\/v2\/pages\/2\/revisions"}],"wp:attachment":[{"href":"https:\/\/casaitaliagourmet.com\/catalogo\/wp-json\/wp\/v2\/media?parent=2"}],"wp:term":[{"taxonomy":"category","embeddable":true,"href":"https:\/\/casaitaliagourmet.com\/catalogo\/wp-json\/wp\/v2\/categories?post=2"},{"taxonomy":"post_tag","embeddable":true,"href":"https:\/\/casaitaliagourmet.com\/catalogo\/wp-json\/wp\/v2\/tags?post=2"}],"curies":[{"name":"wp","href":"https:\/\/api.w.org\/{rel}","templated":true}]}}