{"id":649,"date":"2023-05-03T00:13:59","date_gmt":"2023-05-03T05:13:59","guid":{"rendered":"https:\/\/casaitaliagourmet.com\/catalogo\/?page_id=649"},"modified":"2023-06-28T02:46:13","modified_gmt":"2023-06-28T07:46:13","slug":"atribuciones","status":"publish","type":"page","link":"https:\/\/casaitaliagourmet.com\/catalogo\/atribuciones\/","title":{"rendered":"Atribuciones"},"content":{"rendered":"\n<p>Agradecemos a:\n<br>\n\n<br>+ <a href=\"https:\/\/www.vecteezy.com\" target=\"_blank\" rel=\"noopener\">Vecteezy<\/a>\n<br>Gracias a Vecteezy y sus dise\u00f1adores afiliados, utilizamos algunas de sus im\u00e1genes respetando su licencia de uso proporcionando aqu\u00ed su atribuci\u00f3n.\n<br>\n<br>+ <a href=\"https:\/\/athemes.com\/\" target=\"_blank\" rel=\"noopener\">aThemes<\/a>\n<br>Utilizamos la plantilla <a href=\"https:\/\/wordpress.org\/themes\/botiga\/\" target=\"_blank\" rel=\"noopener\">Botiga<\/a> para WordPress de aThemes.<\/p>\n","protected":false},"excerpt":{"rendered":"<p>Agradecemos a: + Vecteezy Gracias a Vecteezy y sus dise\u00f1adores afiliados, utilizamos algunas de sus im\u00e1genes respetando su licencia de uso proporcionando aqu\u00ed su atribuci\u00f3n. + aThemes Utilizamos la plantilla [&hellip;]<\/p>\n","protected":false},"author":1,"featured_media":0,"parent":0,"menu_order":0,"comment_status":"closed","ping_status":"closed","template":"","meta":{"footnotes":""},"categories":[31],"tags":[],"class_list":["post-649","page","type-page","status-publish","hentry","category-legal"],"_links":{"self":[{"href":"https:\/\/casaitaliagourmet.com\/catalogo\/wp-json\/wp\/v2\/pages\/649","targetHints":{"allow":["GET"]}}],"collection":[{"href":"https:\/\/casaitaliagourmet.com\/catalogo\/wp-json\/wp\/v2\/pages"}],"about":[{"href":"https:\/\/casaitaliagourmet.com\/catalogo\/wp-json\/wp\/v2\/types\/page"}],"author":[{"embeddable":true,"href":"https:\/\/casaitaliagourmet.com\/catalogo\/wp-json\/wp\/v2\/users\/1"}],"replies":[{"embeddable":true,"href":"https:\/\/casaitaliagourmet.com\/catalogo\/wp-json\/wp\/v2\/comments?post=649"}],"version-history":[{"count":0,"href":"https:\/\/casaitaliagourmet.com\/catalogo\/wp-json\/wp\/v2\/pages\/649\/revisions"}],"wp:attachment":[{"href":"https:\/\/casaitaliagourmet.com\/catalogo\/wp-json\/wp\/v2\/media?parent=649"}],"wp:term":[{"taxonomy":"category","embeddable":true,"href":"https:\/\/casaitaliagourmet.com\/catalogo\/wp-json\/wp\/v2\/categories?post=649"},{"taxonomy":"post_tag","embeddable":true,"href":"https:\/\/casaitaliagourmet.com\/catalogo\/wp-json\/wp\/v2\/tags?post=649"}],"curies":[{"name":"wp","href":"https:\/\/api.w.org\/{rel}","templated":true}]}}