{"id":1244,"date":"2023-06-30T05:32:33","date_gmt":"2023-06-30T10:32:33","guid":{"rendered":"https:\/\/casaitaliagourmet.com\/catalogo\/?post_type=product&#038;p=1244"},"modified":"2023-07-01T03:53:34","modified_gmt":"2023-07-01T08:53:34","slug":"arroz-venere-5-kg-vignola","status":"publish","type":"product","link":"https:\/\/casaitaliagourmet.com\/catalogo\/producto\/arroz-venere-5-kg-vignola\/","title":{"rendered":"Arroz Venere 5 kg Vignola"},"content":{"rendered":"<p>Arroz Venere, empaque de 5 kg, Vignola. Tambi\u00e9n conocido como arroz negro, de grano largo y caracter\u00edstico color oscuro, con un sabor \u00fanico y textura ligeramente crujiente, ideal para platos gourmet.<\/p>\n","protected":false},"excerpt":{"rendered":"<p>Arroz Venere, empaque de 5 kg, Vignola. Tambi\u00e9n conocido como arroz negro, de grano largo y caracter\u00edstico color oscuro, con un sabor \u00fanico y textura ligeramente crujiente, ideal para platos gourmet.<\/p>\n","protected":false},"featured_media":1242,"template":"","meta":[],"product_cat":[46,16],"product_tag":[],"class_list":{"0":"post-1244","1":"product","2":"type-product","3":"status-publish","4":"has-post-thumbnail","6":"product_brand-distribuido-por-cig","7":"product_cat-arroz","8":"product_cat-productos","9":"product_shipping_class-courier","11":"first","12":"instock","13":"shipping-taxable","14":"purchasable","15":"product-type-simple"},"_links":{"self":[{"href":"https:\/\/casaitaliagourmet.com\/catalogo\/wp-json\/wp\/v2\/product\/1244","targetHints":{"allow":["GET"]}}],"collection":[{"href":"https:\/\/casaitaliagourmet.com\/catalogo\/wp-json\/wp\/v2\/product"}],"about":[{"href":"https:\/\/casaitaliagourmet.com\/catalogo\/wp-json\/wp\/v2\/types\/product"}],"wp:featuredmedia":[{"embeddable":true,"href":"https:\/\/casaitaliagourmet.com\/catalogo\/wp-json\/wp\/v2\/media\/1242"}],"wp:attachment":[{"href":"https:\/\/casaitaliagourmet.com\/catalogo\/wp-json\/wp\/v2\/media?parent=1244"}],"wp:term":[{"taxonomy":"product_cat","embeddable":true,"href":"https:\/\/casaitaliagourmet.com\/catalogo\/wp-json\/wp\/v2\/product_cat?post=1244"},{"taxonomy":"product_tag","embeddable":true,"href":"https:\/\/casaitaliagourmet.com\/catalogo\/wp-json\/wp\/v2\/product_tag?post=1244"}],"curies":[{"name":"wp","href":"https:\/\/api.w.org\/{rel}","templated":true}]}}