{"id":1283,"date":"2023-07-03T07:36:11","date_gmt":"2023-07-03T12:36:11","guid":{"rendered":"https:\/\/casaitaliagourmet.com\/catalogo\/?post_type=product&#038;p=1283"},"modified":"2023-07-03T07:36:14","modified_gmt":"2023-07-03T12:36:14","slug":"grana-padano-250-g","status":"publish","type":"product","link":"https:\/\/casaitaliagourmet.com\/catalogo\/producto\/grana-padano-250-g\/","title":{"rendered":"Grana Padano 250 g"},"content":{"rendered":"<p>Grana Padano es un queso italiano de pasta dura, producido principalmente en la regi\u00f3n de Lombard\u00eda. Se caracteriza por rico sabor, ligeramente salado y notas de nuez. De textura granulada y de larga maduraci\u00f3n, es perfecto para rallar y utilizar en platos de pasta, risottos y ensaladas.<\/p>\n","protected":false},"excerpt":{"rendered":"<p>Grana Padano es un queso italiano de pasta dura, producido principalmente en la regi\u00f3n de Lombard\u00eda. Se caracteriza por rico sabor, ligeramente salado y notas de nuez. De textura granulada y de larga maduraci\u00f3n, es perfecto para rallar y utilizar en platos de pasta, risottos y ensaladas.<\/p>\n","protected":false},"featured_media":1272,"template":"","meta":[],"product_cat":[16,19],"product_tag":[],"class_list":{"0":"post-1283","1":"product","2":"type-product","3":"status-publish","4":"has-post-thumbnail","6":"product_brand-distribuido-por-cig","7":"product_cat-productos","8":"product_cat-queso","9":"product_shipping_class-courier","11":"first","12":"instock","13":"shipping-taxable","14":"purchasable","15":"product-type-simple"},"_links":{"self":[{"href":"https:\/\/casaitaliagourmet.com\/catalogo\/wp-json\/wp\/v2\/product\/1283","targetHints":{"allow":["GET"]}}],"collection":[{"href":"https:\/\/casaitaliagourmet.com\/catalogo\/wp-json\/wp\/v2\/product"}],"about":[{"href":"https:\/\/casaitaliagourmet.com\/catalogo\/wp-json\/wp\/v2\/types\/product"}],"wp:featuredmedia":[{"embeddable":true,"href":"https:\/\/casaitaliagourmet.com\/catalogo\/wp-json\/wp\/v2\/media\/1272"}],"wp:attachment":[{"href":"https:\/\/casaitaliagourmet.com\/catalogo\/wp-json\/wp\/v2\/media?parent=1283"}],"wp:term":[{"taxonomy":"product_cat","embeddable":true,"href":"https:\/\/casaitaliagourmet.com\/catalogo\/wp-json\/wp\/v2\/product_cat?post=1283"},{"taxonomy":"product_tag","embeddable":true,"href":"https:\/\/casaitaliagourmet.com\/catalogo\/wp-json\/wp\/v2\/product_tag?post=1283"}],"curies":[{"name":"wp","href":"https:\/\/api.w.org\/{rel}","templated":true}]}}