{"id":1285,"date":"2023-07-03T14:15:26","date_gmt":"2023-07-03T19:15:26","guid":{"rendered":"https:\/\/casaitaliagourmet.com\/catalogo\/?post_type=product&#038;p=1285"},"modified":"2023-07-03T14:15:29","modified_gmt":"2023-07-03T19:15:29","slug":"parmigiano-reggiano-rueda","status":"publish","type":"product","link":"https:\/\/casaitaliagourmet.com\/catalogo\/producto\/parmigiano-reggiano-rueda\/","title":{"rendered":"Parmigiano Reggiano Rueda"},"content":{"rendered":"<p>El Parmigiano Reggiano es un queso italiano de alta calidad y larga maduraci\u00f3n. Producido en la regi\u00f3n de Emilia-Roma\u00f1a, se elabora con leche de vaca y se cura durante aproximadamente 24 meses. Ofrece un sabor intenso, una textura granulada y un aroma distintivo. Es perfecto para la preparaci\u00f3n de pasta en su interior, aporta un gran espect\u00e1culo visual al cliente. Presentaci\u00f3n de gran tama\u00f1o, rueda de 38 kg a 42 kg.<\/p>\n<p>El peso de este producto var\u00eda, para adquirirlo comun\u00edcate con nosotros, cotizaremos el peso que deseas al precio que corresponde.<\/p>\n<p>Servicio al Cliente<br \/>\n:: Lunes a Viernes de 8:00 am a 3:00 pm.<br \/>\n:: S\u00e1bado: 8:00 am a 12:00 pm.<\/p>\n","protected":false},"excerpt":{"rendered":"<p>El Parmigiano Reggiano es un queso italiano de alta calidad y larga maduraci\u00f3n. Producido en la regi\u00f3n de Emilia-Roma\u00f1a, se elabora con leche de vaca y se cura durante aproximadamente 24 meses. Ofrece un sabor intenso, una textura granulada y un aroma distintivo. Es perfecto para la preparaci\u00f3n de pasta en su interior, aporta un gran espect\u00e1culo visual al cliente. Presentaci\u00f3n de gran tama\u00f1o, rueda de 38 kg a 42 kg.<\/p>\n<p>El peso de este producto var\u00eda, para adquirirlo comun\u00edcate con nosotros, cotizaremos el peso que deseas al precio que corresponde.<\/p>\n<p>Servicio al Cliente<br \/>\n:: Lunes a Viernes de 8:00 am a 3:00 pm.<br \/>\n:: S\u00e1bado: 8:00 am a 12:00 pm.<\/p>\n","protected":false},"featured_media":1274,"template":"","meta":[],"product_cat":[16,19],"product_tag":[],"class_list":{"0":"post-1285","1":"product","2":"type-product","3":"status-publish","4":"has-post-thumbnail","6":"product_brand-distribuido-por-cig","7":"product_cat-productos","8":"product_cat-queso","9":"product_shipping_class-courier","11":"first","12":"instock","13":"shipping-taxable","14":"purchasable","15":"product-type-simple"},"_links":{"self":[{"href":"https:\/\/casaitaliagourmet.com\/catalogo\/wp-json\/wp\/v2\/product\/1285","targetHints":{"allow":["GET"]}}],"collection":[{"href":"https:\/\/casaitaliagourmet.com\/catalogo\/wp-json\/wp\/v2\/product"}],"about":[{"href":"https:\/\/casaitaliagourmet.com\/catalogo\/wp-json\/wp\/v2\/types\/product"}],"wp:featuredmedia":[{"embeddable":true,"href":"https:\/\/casaitaliagourmet.com\/catalogo\/wp-json\/wp\/v2\/media\/1274"}],"wp:attachment":[{"href":"https:\/\/casaitaliagourmet.com\/catalogo\/wp-json\/wp\/v2\/media?parent=1285"}],"wp:term":[{"taxonomy":"product_cat","embeddable":true,"href":"https:\/\/casaitaliagourmet.com\/catalogo\/wp-json\/wp\/v2\/product_cat?post=1285"},{"taxonomy":"product_tag","embeddable":true,"href":"https:\/\/casaitaliagourmet.com\/catalogo\/wp-json\/wp\/v2\/product_tag?post=1285"}],"curies":[{"name":"wp","href":"https:\/\/api.w.org\/{rel}","templated":true}]}}