{"id":1315,"date":"2023-07-03T17:38:57","date_gmt":"2023-07-03T22:38:57","guid":{"rendered":"https:\/\/casaitaliagourmet.com\/catalogo\/?post_type=product&#038;p=1315"},"modified":"2023-07-03T17:38:59","modified_gmt":"2023-07-03T22:38:59","slug":"coppa-italiana-capocollo-1-kg","status":"publish","type":"product","link":"https:\/\/casaitaliagourmet.com\/catalogo\/producto\/coppa-italiana-capocollo-1-kg\/","title":{"rendered":"Coppa italiana (Capocollo) 1 kg"},"content":{"rendered":"<p>La Coppa italiana, tambi\u00e9n conocida como Capocollo, es un embutido italiano tradicional elaborado a partir del cuello de cerdo y tiene una presentaci\u00f3n de un kilo aproximadamente. Es reconocido por su intenso sabor y su textura tierna y marm\u00f3rea. Se condimenta con una mezcla de especias y se cura durante varias semanas para obtener su caracter\u00edstico sabor. Empaque de 1 kg aproximado.<\/p>\n<p>El peso de este producto var\u00eda, para adquirirlo comun\u00edcate con nosotros, cotizaremos el peso que deseas al precio que corresponde.<\/p>\n<p>Servicio al Cliente<br \/>\n:: Lunes a Viernes de 8:00 am a 3:00 pm.<br \/>\n:: S\u00e1bado: 8:00 am a 12:00 pm.<\/p>\n","protected":false},"excerpt":{"rendered":"<p>La Coppa italiana, tambi\u00e9n conocida como Capocollo, es un embutido italiano tradicional elaborado a partir del cuello de cerdo y tiene una presentaci\u00f3n de un kilo aproximadamente. Es reconocido por su intenso sabor y su textura tierna y marm\u00f3rea. Se condimenta con una mezcla de especias y se cura durante varias semanas para obtener su caracter\u00edstico sabor. Empaque de 1 kg aproximado.<\/p>\n<p>El peso de este producto var\u00eda, para adquirirlo comun\u00edcate con nosotros, cotizaremos el peso que deseas al precio que corresponde.<\/p>\n<p>Servicio al Cliente<br \/>\n:: Lunes a Viernes de 8:00 am a 3:00 pm.<br \/>\n:: S\u00e1bado: 8:00 am a 12:00 pm.<\/p>\n","protected":false},"featured_media":1302,"template":"","meta":[],"product_cat":[22,16],"product_tag":[],"class_list":{"0":"post-1315","1":"product","2":"type-product","3":"status-publish","4":"has-post-thumbnail","6":"product_brand-distribuido-por-cig","7":"product_cat-carnicos","8":"product_cat-productos","9":"product_shipping_class-courier","11":"first","12":"instock","13":"shipping-taxable","14":"purchasable","15":"product-type-simple"},"_links":{"self":[{"href":"https:\/\/casaitaliagourmet.com\/catalogo\/wp-json\/wp\/v2\/product\/1315","targetHints":{"allow":["GET"]}}],"collection":[{"href":"https:\/\/casaitaliagourmet.com\/catalogo\/wp-json\/wp\/v2\/product"}],"about":[{"href":"https:\/\/casaitaliagourmet.com\/catalogo\/wp-json\/wp\/v2\/types\/product"}],"wp:featuredmedia":[{"embeddable":true,"href":"https:\/\/casaitaliagourmet.com\/catalogo\/wp-json\/wp\/v2\/media\/1302"}],"wp:attachment":[{"href":"https:\/\/casaitaliagourmet.com\/catalogo\/wp-json\/wp\/v2\/media?parent=1315"}],"wp:term":[{"taxonomy":"product_cat","embeddable":true,"href":"https:\/\/casaitaliagourmet.com\/catalogo\/wp-json\/wp\/v2\/product_cat?post=1315"},{"taxonomy":"product_tag","embeddable":true,"href":"https:\/\/casaitaliagourmet.com\/catalogo\/wp-json\/wp\/v2\/product_tag?post=1315"}],"curies":[{"name":"wp","href":"https:\/\/api.w.org\/{rel}","templated":true}]}}