{"id":1316,"date":"2023-07-03T17:40:43","date_gmt":"2023-07-03T22:40:43","guid":{"rendered":"https:\/\/casaitaliagourmet.com\/catalogo\/?post_type=product&#038;p=1316"},"modified":"2023-07-03T17:40:46","modified_gmt":"2023-07-03T22:40:46","slug":"culatelllo-italiano","status":"publish","type":"product","link":"https:\/\/casaitaliagourmet.com\/catalogo\/producto\/culatelllo-italiano\/","title":{"rendered":"Culatelllo Italiano"},"content":{"rendered":"<p>El Culatello italiano es un prestigioso embutido italiano que proviene de la regi\u00f3n de Emilia-Roma\u00f1a y su presentaci\u00f3n es de 4 a 5 kilos aproximadamente. Se elabora con la parte m\u00e1s noble del cerdo, el muslo, y se cura en condiciones especiales durante al menos 12 meses. Su sabor es delicado y su textura es suave y marm\u00f3rea, lo que lo convierte en una verdadera delicia gastron\u00f3mica. Empaque de 4 kg a 5 kg.<\/p>\n<p>El peso de este producto var\u00eda, para adquirirlo comun\u00edcate con nosotros, cotizaremos el peso que deseas al precio que corresponde.<\/p>\n<p>Servicio al Cliente<br \/>\n:: Lunes a Viernes de 8:00 am a 3:00 pm.<br \/>\n:: S\u00e1bado: 8:00 am a 12:00 pm.<\/p>\n","protected":false},"excerpt":{"rendered":"<p>El Culatello italiano es un prestigioso embutido italiano que proviene de la regi\u00f3n de Emilia-Roma\u00f1a y su presentaci\u00f3n es de 4 a 5 kilos aproximadamente. Se elabora con la parte m\u00e1s noble del cerdo, el muslo, y se cura en condiciones especiales durante al menos 12 meses. Su sabor es delicado y su textura es suave y marm\u00f3rea, lo que lo convierte en una verdadera delicia gastron\u00f3mica. Empaque de 4 kg a 5 kg.<\/p>\n<p>El peso de este producto var\u00eda, para adquirirlo comun\u00edcate con nosotros, cotizaremos el peso que deseas al precio que corresponde.<\/p>\n<p>Servicio al Cliente<br \/>\n:: Lunes a Viernes de 8:00 am a 3:00 pm.<br \/>\n:: S\u00e1bado: 8:00 am a 12:00 pm.<\/p>\n","protected":false},"featured_media":1303,"template":"","meta":[],"product_cat":[22,16],"product_tag":[],"class_list":{"0":"post-1316","1":"product","2":"type-product","3":"status-publish","4":"has-post-thumbnail","6":"product_brand-distribuido-por-cig","7":"product_cat-carnicos","8":"product_cat-productos","9":"product_shipping_class-courier","11":"first","12":"instock","13":"shipping-taxable","14":"purchasable","15":"product-type-simple"},"_links":{"self":[{"href":"https:\/\/casaitaliagourmet.com\/catalogo\/wp-json\/wp\/v2\/product\/1316","targetHints":{"allow":["GET"]}}],"collection":[{"href":"https:\/\/casaitaliagourmet.com\/catalogo\/wp-json\/wp\/v2\/product"}],"about":[{"href":"https:\/\/casaitaliagourmet.com\/catalogo\/wp-json\/wp\/v2\/types\/product"}],"wp:featuredmedia":[{"embeddable":true,"href":"https:\/\/casaitaliagourmet.com\/catalogo\/wp-json\/wp\/v2\/media\/1303"}],"wp:attachment":[{"href":"https:\/\/casaitaliagourmet.com\/catalogo\/wp-json\/wp\/v2\/media?parent=1316"}],"wp:term":[{"taxonomy":"product_cat","embeddable":true,"href":"https:\/\/casaitaliagourmet.com\/catalogo\/wp-json\/wp\/v2\/product_cat?post=1316"},{"taxonomy":"product_tag","embeddable":true,"href":"https:\/\/casaitaliagourmet.com\/catalogo\/wp-json\/wp\/v2\/product_tag?post=1316"}],"curies":[{"name":"wp","href":"https:\/\/api.w.org\/{rel}","templated":true}]}}