{"id":1317,"date":"2023-07-03T17:42:45","date_gmt":"2023-07-03T22:42:45","guid":{"rendered":"https:\/\/casaitaliagourmet.com\/catalogo\/?post_type=product&#038;p=1317"},"modified":"2023-07-03T17:42:48","modified_gmt":"2023-07-03T22:42:48","slug":"mortadella-stella","status":"publish","type":"product","link":"https:\/\/casaitaliagourmet.com\/catalogo\/producto\/mortadella-stella\/","title":{"rendered":"Mortadella Stella"},"content":{"rendered":"<p>La Mortadella Stella, elaborada con ingredientes de alta calidad y siguiendo tradiciones artesanales. Se distingue por su sabor suave y delicado, su textura finamente molida y su caracter\u00edstica presencia de trozos de pistachos. Es un embutido ideal para s\u00e1ndwiches, antipastos y platos fr\u00edos. Empaque de 2,5 kg aproximado.<\/p>\n<p>El peso de este producto var\u00eda, para adquirirlo comun\u00edcate con nosotros, cotizaremos el peso que deseas al precio que corresponde.<\/p>\n<p>Servicio al Cliente<br \/>\n:: Lunes a Viernes de 8:00 am a 3:00 pm.<br \/>\n:: S\u00e1bado: 8:00 am a 12:00 pm.<\/p>\n","protected":false},"excerpt":{"rendered":"<p>La Mortadella Stella, elaborada con ingredientes de alta calidad y siguiendo tradiciones artesanales. Se distingue por su sabor suave y delicado, su textura finamente molida y su caracter\u00edstica presencia de trozos de pistachos. Es un embutido ideal para s\u00e1ndwiches, antipastos y platos fr\u00edos. Empaque de 2,5 kg aproximado.<\/p>\n<p>El peso de este producto var\u00eda, para adquirirlo comun\u00edcate con nosotros, cotizaremos el peso que deseas al precio que corresponde.<\/p>\n<p>Servicio al Cliente<br \/>\n:: Lunes a Viernes de 8:00 am a 3:00 pm.<br \/>\n:: S\u00e1bado: 8:00 am a 12:00 pm.<\/p>\n","protected":false},"featured_media":1304,"template":"","meta":[],"product_cat":[22,16],"product_tag":[],"class_list":{"0":"post-1317","1":"product","2":"type-product","3":"status-publish","4":"has-post-thumbnail","6":"product_brand-distribuido-por-cig","7":"product_cat-carnicos","8":"product_cat-productos","9":"product_shipping_class-courier","11":"first","12":"instock","13":"shipping-taxable","14":"purchasable","15":"product-type-simple"},"_links":{"self":[{"href":"https:\/\/casaitaliagourmet.com\/catalogo\/wp-json\/wp\/v2\/product\/1317","targetHints":{"allow":["GET"]}}],"collection":[{"href":"https:\/\/casaitaliagourmet.com\/catalogo\/wp-json\/wp\/v2\/product"}],"about":[{"href":"https:\/\/casaitaliagourmet.com\/catalogo\/wp-json\/wp\/v2\/types\/product"}],"wp:featuredmedia":[{"embeddable":true,"href":"https:\/\/casaitaliagourmet.com\/catalogo\/wp-json\/wp\/v2\/media\/1304"}],"wp:attachment":[{"href":"https:\/\/casaitaliagourmet.com\/catalogo\/wp-json\/wp\/v2\/media?parent=1317"}],"wp:term":[{"taxonomy":"product_cat","embeddable":true,"href":"https:\/\/casaitaliagourmet.com\/catalogo\/wp-json\/wp\/v2\/product_cat?post=1317"},{"taxonomy":"product_tag","embeddable":true,"href":"https:\/\/casaitaliagourmet.com\/catalogo\/wp-json\/wp\/v2\/product_tag?post=1317"}],"curies":[{"name":"wp","href":"https:\/\/api.w.org\/{rel}","templated":true}]}}