{"id":1323,"date":"2023-07-03T17:54:03","date_gmt":"2023-07-03T22:54:03","guid":{"rendered":"https:\/\/casaitaliagourmet.com\/catalogo\/?post_type=product&#038;p=1323"},"modified":"2023-07-03T17:54:07","modified_gmt":"2023-07-03T22:54:07","slug":"salame-italiano-picante-1-kg","status":"publish","type":"product","link":"https:\/\/casaitaliagourmet.com\/catalogo\/producto\/salame-italiano-picante-1-kg\/","title":{"rendered":"Salame Italiano Picante 1 kg"},"content":{"rendered":"<p>El Salame Italiano Picante es un embutido tradicional italiano con un toque de especias que le proporciona un sabor picante y audaz, el cual viene en presentaci\u00f3n de un kilo. Elaborado con carne de cerdo seleccionada, se cura y fermenta para obtener su textura firme y su caracter\u00edstico aroma. Es una opci\u00f3n ideal para los amantes de los sabores intensos y se disfruta en rodajas finas como aperitivo o en s\u00e1ndwiches y pizzas. Empaque de 1 kg aproximado.<\/p>\n<p>El peso de este producto var\u00eda, para adquirirlo comun\u00edcate con nosotros, cotizaremos el peso que deseas al precio que corresponde.<\/p>\n<p>Servicio al Cliente<br \/>\n:: Lunes a Viernes de 8:00 am a 3:00 pm.<br \/>\n:: S\u00e1bado: 8:00 am a 12:00 pm.<\/p>\n","protected":false},"excerpt":{"rendered":"<p>El Salame Italiano Picante es un embutido tradicional italiano con un toque de especias que le proporciona un sabor picante y audaz, el cual viene en presentaci\u00f3n de un kilo. Elaborado con carne de cerdo seleccionada, se cura y fermenta para obtener su textura firme y su caracter\u00edstico aroma. Es una opci\u00f3n ideal para los amantes de los sabores intensos y se disfruta en rodajas finas como aperitivo o en s\u00e1ndwiches y pizzas. Empaque de 1 kg aproximado.<\/p>\n<p>El peso de este producto var\u00eda, para adquirirlo comun\u00edcate con nosotros, cotizaremos el peso que deseas al precio que corresponde.<\/p>\n<p>Servicio al Cliente<br \/>\n:: Lunes a Viernes de 8:00 am a 3:00 pm.<br \/>\n:: S\u00e1bado: 8:00 am a 12:00 pm.<\/p>\n","protected":false},"featured_media":1310,"template":"","meta":[],"product_cat":[22,16],"product_tag":[],"class_list":{"0":"post-1323","1":"product","2":"type-product","3":"status-publish","4":"has-post-thumbnail","6":"product_brand-distribuido-por-cig","7":"product_cat-carnicos","8":"product_cat-productos","9":"product_shipping_class-courier","11":"first","12":"instock","13":"shipping-taxable","14":"purchasable","15":"product-type-simple"},"_links":{"self":[{"href":"https:\/\/casaitaliagourmet.com\/catalogo\/wp-json\/wp\/v2\/product\/1323","targetHints":{"allow":["GET"]}}],"collection":[{"href":"https:\/\/casaitaliagourmet.com\/catalogo\/wp-json\/wp\/v2\/product"}],"about":[{"href":"https:\/\/casaitaliagourmet.com\/catalogo\/wp-json\/wp\/v2\/types\/product"}],"wp:featuredmedia":[{"embeddable":true,"href":"https:\/\/casaitaliagourmet.com\/catalogo\/wp-json\/wp\/v2\/media\/1310"}],"wp:attachment":[{"href":"https:\/\/casaitaliagourmet.com\/catalogo\/wp-json\/wp\/v2\/media?parent=1323"}],"wp:term":[{"taxonomy":"product_cat","embeddable":true,"href":"https:\/\/casaitaliagourmet.com\/catalogo\/wp-json\/wp\/v2\/product_cat?post=1323"},{"taxonomy":"product_tag","embeddable":true,"href":"https:\/\/casaitaliagourmet.com\/catalogo\/wp-json\/wp\/v2\/product_tag?post=1323"}],"curies":[{"name":"wp","href":"https:\/\/api.w.org\/{rel}","templated":true}]}}