{"id":1325,"date":"2023-07-03T17:54:58","date_gmt":"2023-07-03T22:54:58","guid":{"rendered":"https:\/\/casaitaliagourmet.com\/catalogo\/?post_type=product&#038;p=1325"},"modified":"2023-07-03T17:55:02","modified_gmt":"2023-07-03T22:55:02","slug":"salame-milano-1-kg-a-3-kg","status":"publish","type":"product","link":"https:\/\/casaitaliagourmet.com\/catalogo\/producto\/salame-milano-1-kg-a-3-kg\/","title":{"rendered":"Salame Milano 1 kg a 3 kg"},"content":{"rendered":"<p>El Salame Milano es un embutido italiano originario de la regi\u00f3n de Lombard\u00eda. Se elabora con una mezcla de carne de cerdo picada finamente y condimentos como ajo, pimienta y vino blanco. Su sabor es suave y equilibrado, con una textura firme y ligeramente grasa. Es muy vers\u00e1til en la cocina y se utiliza en s\u00e1ndwiches, tablas de embutidos y platos fr\u00edos. Empaque de 1 kg a 3 kg.<\/p>\n<p>El peso de este producto var\u00eda, para adquirirlo comun\u00edcate con nosotros, cotizaremos el peso que deseas al precio que corresponde.<\/p>\n<p>Servicio al Cliente<br \/>\n:: Lunes a Viernes de 8:00 am a 3:00 pm.<br \/>\n:: S\u00e1bado: 8:00 am a 12:00 pm.<\/p>\n","protected":false},"excerpt":{"rendered":"<p>El Salame Milano es un embutido italiano originario de la regi\u00f3n de Lombard\u00eda. Se elabora con una mezcla de carne de cerdo picada finamente y condimentos como ajo, pimienta y vino blanco. Su sabor es suave y equilibrado, con una textura firme y ligeramente grasa. Es muy vers\u00e1til en la cocina y se utiliza en s\u00e1ndwiches, tablas de embutidos y platos fr\u00edos. Empaque de 1 kg a 3 kg.<\/p>\n<p>El peso de este producto var\u00eda, para adquirirlo comun\u00edcate con nosotros, cotizaremos el peso que deseas al precio que corresponde.<\/p>\n<p>Servicio al Cliente<br \/>\n:: Lunes a Viernes de 8:00 am a 3:00 pm.<br \/>\n:: S\u00e1bado: 8:00 am a 12:00 pm.<\/p>\n","protected":false},"featured_media":1311,"template":"","meta":[],"product_cat":[22,16],"product_tag":[],"class_list":{"0":"post-1325","1":"product","2":"type-product","3":"status-publish","4":"has-post-thumbnail","6":"product_brand-distribuido-por-cig","7":"product_cat-carnicos","8":"product_cat-productos","9":"product_shipping_class-courier","11":"first","12":"instock","13":"shipping-taxable","14":"purchasable","15":"product-type-simple"},"_links":{"self":[{"href":"https:\/\/casaitaliagourmet.com\/catalogo\/wp-json\/wp\/v2\/product\/1325","targetHints":{"allow":["GET"]}}],"collection":[{"href":"https:\/\/casaitaliagourmet.com\/catalogo\/wp-json\/wp\/v2\/product"}],"about":[{"href":"https:\/\/casaitaliagourmet.com\/catalogo\/wp-json\/wp\/v2\/types\/product"}],"wp:featuredmedia":[{"embeddable":true,"href":"https:\/\/casaitaliagourmet.com\/catalogo\/wp-json\/wp\/v2\/media\/1311"}],"wp:attachment":[{"href":"https:\/\/casaitaliagourmet.com\/catalogo\/wp-json\/wp\/v2\/media?parent=1325"}],"wp:term":[{"taxonomy":"product_cat","embeddable":true,"href":"https:\/\/casaitaliagourmet.com\/catalogo\/wp-json\/wp\/v2\/product_cat?post=1325"},{"taxonomy":"product_tag","embeddable":true,"href":"https:\/\/casaitaliagourmet.com\/catalogo\/wp-json\/wp\/v2\/product_tag?post=1325"}],"curies":[{"name":"wp","href":"https:\/\/api.w.org\/{rel}","templated":true}]}}