{"id":1330,"date":"2023-07-03T17:57:22","date_gmt":"2023-07-03T22:57:22","guid":{"rendered":"https:\/\/casaitaliagourmet.com\/catalogo\/?post_type=product&#038;p=1330"},"modified":"2023-07-03T17:57:24","modified_gmt":"2023-07-03T22:57:24","slug":"speck-italiano-5-kg","status":"publish","type":"product","link":"https:\/\/casaitaliagourmet.com\/catalogo\/producto\/speck-italiano-5-kg\/","title":{"rendered":"Speck Italiano 5 kg"},"content":{"rendered":"<p>Este embutido ahumado es originario de la regi\u00f3n de Tirol del sur, en Italia. Se elabora con una cuidadosa selecci\u00f3n de muslos de cerdo, que se sazonan con especias y se ah\u00faman lentamente. Es reconocido por su sabor ahumado, su textura jugosa y su equilibrio entre la grasa y la carne. Se puede disfrutar en rodajas finas como aperitivo, en s\u00e1ndwiches o como ingrediente en platos de pasta y ensaladas. Empaque de 5 kg aproximado.<\/p>\n<p>El peso de este producto var\u00eda, para adquirirlo comun\u00edcate con nosotros, cotizaremos el peso que deseas al precio que corresponde.<\/p>\n<p>Servicio al Cliente<br \/>\n:: Lunes a Viernes de 8:00 am a 3:00 pm.<br \/>\n:: S\u00e1bado: 8:00 am a 12:00 pm.<\/p>\n","protected":false},"excerpt":{"rendered":"<p>Este embutido ahumado es originario de la regi\u00f3n de Tirol del sur, en Italia. Se elabora con una cuidadosa selecci\u00f3n de muslos de cerdo, que se sazonan con especias y se ah\u00faman lentamente. Es reconocido por su sabor ahumado, su textura jugosa y su equilibrio entre la grasa y la carne. Se puede disfrutar en rodajas finas como aperitivo, en s\u00e1ndwiches o como ingrediente en platos de pasta y ensaladas. Empaque de 5 kg aproximado.<\/p>\n<p>El peso de este producto var\u00eda, para adquirirlo comun\u00edcate con nosotros, cotizaremos el peso que deseas al precio que corresponde.<\/p>\n<p>Servicio al Cliente<br \/>\n:: Lunes a Viernes de 8:00 am a 3:00 pm.<br \/>\n:: S\u00e1bado: 8:00 am a 12:00 pm.<\/p>\n","protected":false},"featured_media":1314,"template":"","meta":[],"product_cat":[22,16],"product_tag":[],"class_list":{"0":"post-1330","1":"product","2":"type-product","3":"status-publish","4":"has-post-thumbnail","6":"product_brand-distribuido-por-cig","7":"product_cat-carnicos","8":"product_cat-productos","9":"product_shipping_class-courier","11":"first","12":"instock","13":"shipping-taxable","14":"purchasable","15":"product-type-simple"},"_links":{"self":[{"href":"https:\/\/casaitaliagourmet.com\/catalogo\/wp-json\/wp\/v2\/product\/1330","targetHints":{"allow":["GET"]}}],"collection":[{"href":"https:\/\/casaitaliagourmet.com\/catalogo\/wp-json\/wp\/v2\/product"}],"about":[{"href":"https:\/\/casaitaliagourmet.com\/catalogo\/wp-json\/wp\/v2\/types\/product"}],"wp:featuredmedia":[{"embeddable":true,"href":"https:\/\/casaitaliagourmet.com\/catalogo\/wp-json\/wp\/v2\/media\/1314"}],"wp:attachment":[{"href":"https:\/\/casaitaliagourmet.com\/catalogo\/wp-json\/wp\/v2\/media?parent=1330"}],"wp:term":[{"taxonomy":"product_cat","embeddable":true,"href":"https:\/\/casaitaliagourmet.com\/catalogo\/wp-json\/wp\/v2\/product_cat?post=1330"},{"taxonomy":"product_tag","embeddable":true,"href":"https:\/\/casaitaliagourmet.com\/catalogo\/wp-json\/wp\/v2\/product_tag?post=1330"}],"curies":[{"name":"wp","href":"https:\/\/api.w.org\/{rel}","templated":true}]}}