{"id":357,"date":"2023-04-27T22:05:03","date_gmt":"2023-04-28T03:05:03","guid":{"rendered":"https:\/\/casaitaliagourmet.com\/catalogo\/?post_type=product&#038;p=357"},"modified":"2023-06-30T05:03:00","modified_gmt":"2023-06-30T10:03:00","slug":"pargiamo-cuna-24-meses-300-g","status":"publish","type":"product","link":"https:\/\/casaitaliagourmet.com\/catalogo\/producto\/pargiamo-cuna-24-meses-300-g\/","title":{"rendered":"Pargiamo cu\u00f1a 24 meses 300 g"},"content":{"rendered":"<p>La cu\u00f1a de Parmigiano Reggiano tiene un peso de 300 g (aproximado) es una porci\u00f3n m\u00e1s peque\u00f1a del reconocido queso italiano Parmigiano Reggiano. Producido en la regi\u00f3n de Emilia-Roma\u00f1a, se elabora con leche de vaca y se cura aproximadamente 24 meses. Con su sabor intenso, textura granulada y notas a nuez, es ideal para rallar y agregar a platos de pasta, ensaladas y gratinados, aportando un toque de sabor y calidad.<\/p>\n","protected":false},"excerpt":{"rendered":"<p>La cu\u00f1a de Parmigiano Reggiano tiene un peso de 300 g (aproximado) es una porci\u00f3n m\u00e1s peque\u00f1a del reconocido queso italiano Parmigiano Reggiano. Producido en la regi\u00f3n de Emilia-Roma\u00f1a, se elabora con leche de vaca y se cura aproximadamente 24 meses. Con su sabor intenso, textura granulada y notas a nuez, es ideal para rallar y agregar a platos de pasta, ensaladas y gratinados, aportando un toque de sabor y calidad.<\/p>\n","protected":false},"featured_media":1232,"template":"","meta":[],"product_cat":[16,19],"product_tag":[],"class_list":{"0":"post-357","1":"product","2":"type-product","3":"status-publish","4":"has-post-thumbnail","6":"product_brand-distribuido-por-cig","7":"product_cat-productos","8":"product_cat-queso","9":"product_shipping_class-courier","11":"first","12":"instock","13":"shipping-taxable","14":"purchasable","15":"product-type-simple"},"_links":{"self":[{"href":"https:\/\/casaitaliagourmet.com\/catalogo\/wp-json\/wp\/v2\/product\/357","targetHints":{"allow":["GET"]}}],"collection":[{"href":"https:\/\/casaitaliagourmet.com\/catalogo\/wp-json\/wp\/v2\/product"}],"about":[{"href":"https:\/\/casaitaliagourmet.com\/catalogo\/wp-json\/wp\/v2\/types\/product"}],"wp:featuredmedia":[{"embeddable":true,"href":"https:\/\/casaitaliagourmet.com\/catalogo\/wp-json\/wp\/v2\/media\/1232"}],"wp:attachment":[{"href":"https:\/\/casaitaliagourmet.com\/catalogo\/wp-json\/wp\/v2\/media?parent=357"}],"wp:term":[{"taxonomy":"product_cat","embeddable":true,"href":"https:\/\/casaitaliagourmet.com\/catalogo\/wp-json\/wp\/v2\/product_cat?post=357"},{"taxonomy":"product_tag","embeddable":true,"href":"https:\/\/casaitaliagourmet.com\/catalogo\/wp-json\/wp\/v2\/product_tag?post=357"}],"curies":[{"name":"wp","href":"https:\/\/api.w.org\/{rel}","templated":true}]}}