{"id":358,"date":"2023-04-27T22:07:36","date_gmt":"2023-04-28T03:07:36","guid":{"rendered":"https:\/\/casaitaliagourmet.com\/catalogo\/?post_type=product&#038;p=358"},"modified":"2023-07-03T14:28:32","modified_gmt":"2023-07-03T19:28:32","slug":"parmigiano-reggiano","status":"publish","type":"product","link":"https:\/\/casaitaliagourmet.com\/catalogo\/producto\/parmigiano-reggiano\/","title":{"rendered":"Parmigiano Reggiano"},"content":{"rendered":"<p>Esta presentaci\u00f3n de Parmigiano Reggiano tiene un peso de 1 kilo (aproximado), es una porci\u00f3n del famoso queso italiano. Producido en la regi\u00f3n de Emilia-Roma\u00f1a, se elabora con leche de vaca y se cura aproximadamente 24 meses. Con su textura granulada, sabor intenso y notas a nuez, es perfecto para rallar y utilizar en platos de pasta, gratinados y como acompa\u00f1amiento en tablas de quesos.<\/p>\n<p>El peso de este producto var\u00eda, para adquirirlo comun\u00edcate con nosotros, cotizaremos el peso que deseas al precio que corresponde.<\/p>\n<p><strong>Servicio al Cliente<\/strong><br \/>\n:: Lunes a Viernes de 8:00 am a 3:00 pm.<br \/>\n:: S\u00e1bado: 8:00 am a 12:00 pm.<\/p>\n","protected":false},"excerpt":{"rendered":"<p>Esta presentaci\u00f3n de Parmigiano Reggiano tiene un peso de 1 kilo (aproximado), es una porci\u00f3n del famoso queso italiano. Producido en la regi\u00f3n de Emilia-Roma\u00f1a, se elabora con leche de vaca y se cura aproximadamente 24 meses. Con su textura granulada, sabor intenso y notas a nuez, es perfecto para rallar y utilizar en platos de pasta, gratinados y como acompa\u00f1amiento en tablas de quesos.<\/p>\n<p>El peso de este producto var\u00eda, para adquirirlo comun\u00edcate con nosotros, cotizaremos el peso que deseas al precio que corresponde.<\/p>\n<p><strong>Servicio al Cliente<\/strong><br \/>\n:: Lunes a Viernes de 8:00 am a 3:00 pm.<br \/>\n:: S\u00e1bado: 8:00 am a 12:00 pm.<\/p>\n","protected":false},"featured_media":1290,"template":"","meta":[],"product_cat":[16,19],"product_tag":[],"class_list":{"0":"post-358","1":"product","2":"type-product","3":"status-publish","4":"has-post-thumbnail","6":"product_brand-distribuido-por-cig","7":"product_cat-productos","8":"product_cat-queso","9":"product_shipping_class-courier","11":"first","12":"instock","13":"shipping-taxable","14":"purchasable","15":"product-type-simple"},"_links":{"self":[{"href":"https:\/\/casaitaliagourmet.com\/catalogo\/wp-json\/wp\/v2\/product\/358","targetHints":{"allow":["GET"]}}],"collection":[{"href":"https:\/\/casaitaliagourmet.com\/catalogo\/wp-json\/wp\/v2\/product"}],"about":[{"href":"https:\/\/casaitaliagourmet.com\/catalogo\/wp-json\/wp\/v2\/types\/product"}],"wp:featuredmedia":[{"embeddable":true,"href":"https:\/\/casaitaliagourmet.com\/catalogo\/wp-json\/wp\/v2\/media\/1290"}],"wp:attachment":[{"href":"https:\/\/casaitaliagourmet.com\/catalogo\/wp-json\/wp\/v2\/media?parent=358"}],"wp:term":[{"taxonomy":"product_cat","embeddable":true,"href":"https:\/\/casaitaliagourmet.com\/catalogo\/wp-json\/wp\/v2\/product_cat?post=358"},{"taxonomy":"product_tag","embeddable":true,"href":"https:\/\/casaitaliagourmet.com\/catalogo\/wp-json\/wp\/v2\/product_tag?post=358"}],"curies":[{"name":"wp","href":"https:\/\/api.w.org\/{rel}","templated":true}]}}