{"id":361,"date":"2023-04-27T22:11:52","date_gmt":"2023-04-28T03:11:52","guid":{"rendered":"https:\/\/casaitaliagourmet.com\/catalogo\/?post_type=product&#038;p=361"},"modified":"2023-06-30T05:12:19","modified_gmt":"2023-06-30T10:12:19","slug":"scamorza-ahumada-250-g","status":"publish","type":"product","link":"https:\/\/casaitaliagourmet.com\/catalogo\/producto\/scamorza-ahumada-250-g\/","title":{"rendered":"Scamorza Ahumada 250 g"},"content":{"rendered":"<p>La Scamorza Ahumada es un queso italiano de pasta hilada similar a la mozzarella, pero con un sabor ahumado distintivo. Esta porci\u00f3n es perfecta para disfrutar como aperitivo o como ingrediente en platos gratinados, pizzas y s\u00e1ndwiches, ya que su textura el\u00e1stica y su sabor ahumado.<\/p>\n","protected":false},"excerpt":{"rendered":"<p>La Scamorza Ahumada es un queso italiano de pasta hilada similar a la mozzarella, pero con un sabor ahumado distintivo. Esta porci\u00f3n es perfecta para disfrutar como aperitivo o como ingrediente en platos gratinados, pizzas y s\u00e1ndwiches, ya que su textura el\u00e1stica y su sabor ahumado.<\/p>\n","protected":false},"featured_media":1226,"template":"","meta":[],"product_cat":[16,19],"product_tag":[],"class_list":{"0":"post-361","1":"product","2":"type-product","3":"status-publish","4":"has-post-thumbnail","6":"product_brand-distribuido-por-cig","7":"product_cat-productos","8":"product_cat-queso","9":"product_shipping_class-courier","11":"first","12":"instock","13":"shipping-taxable","14":"purchasable","15":"product-type-simple"},"_links":{"self":[{"href":"https:\/\/casaitaliagourmet.com\/catalogo\/wp-json\/wp\/v2\/product\/361","targetHints":{"allow":["GET"]}}],"collection":[{"href":"https:\/\/casaitaliagourmet.com\/catalogo\/wp-json\/wp\/v2\/product"}],"about":[{"href":"https:\/\/casaitaliagourmet.com\/catalogo\/wp-json\/wp\/v2\/types\/product"}],"wp:featuredmedia":[{"embeddable":true,"href":"https:\/\/casaitaliagourmet.com\/catalogo\/wp-json\/wp\/v2\/media\/1226"}],"wp:attachment":[{"href":"https:\/\/casaitaliagourmet.com\/catalogo\/wp-json\/wp\/v2\/media?parent=361"}],"wp:term":[{"taxonomy":"product_cat","embeddable":true,"href":"https:\/\/casaitaliagourmet.com\/catalogo\/wp-json\/wp\/v2\/product_cat?post=361"},{"taxonomy":"product_tag","embeddable":true,"href":"https:\/\/casaitaliagourmet.com\/catalogo\/wp-json\/wp\/v2\/product_tag?post=361"}],"curies":[{"name":"wp","href":"https:\/\/api.w.org\/{rel}","templated":true}]}}