{"id":363,"date":"2023-04-27T22:15:57","date_gmt":"2023-04-28T03:15:57","guid":{"rendered":"https:\/\/casaitaliagourmet.com\/catalogo\/?post_type=product&#038;p=363"},"modified":"2023-06-30T05:10:40","modified_gmt":"2023-06-30T10:10:40","slug":"provolone-cuna-200-g","status":"publish","type":"product","link":"https:\/\/casaitaliagourmet.com\/catalogo\/producto\/provolone-cuna-200-g\/","title":{"rendered":"Provolone cu\u00f1a 200 g"},"content":{"rendered":"<p>Esta porci\u00f3n de Provolone es perfecta para disfrutar como aperitivo o como un complemento en s\u00e1ndwiches y platos gratinados, ya que su textura el\u00e1stica y su sabor caracter\u00edstico aportan un toque de autenticidad italiana a tus comidas.<\/p>\n","protected":false},"excerpt":{"rendered":"<p>Esta porci\u00f3n de Provolone es perfecta para disfrutar como aperitivo o como un complemento en s\u00e1ndwiches y platos gratinados, ya que su textura el\u00e1stica y su sabor caracter\u00edstico aportan un toque de autenticidad italiana a tus comidas.<\/p>\n","protected":false},"featured_media":1223,"template":"","meta":[],"product_cat":[16,19],"product_tag":[],"class_list":{"0":"post-363","1":"product","2":"type-product","3":"status-publish","4":"has-post-thumbnail","6":"product_brand-distribuido-por-cig","7":"product_cat-productos","8":"product_cat-queso","9":"product_shipping_class-courier","11":"first","12":"instock","13":"shipping-taxable","14":"purchasable","15":"product-type-simple"},"_links":{"self":[{"href":"https:\/\/casaitaliagourmet.com\/catalogo\/wp-json\/wp\/v2\/product\/363","targetHints":{"allow":["GET"]}}],"collection":[{"href":"https:\/\/casaitaliagourmet.com\/catalogo\/wp-json\/wp\/v2\/product"}],"about":[{"href":"https:\/\/casaitaliagourmet.com\/catalogo\/wp-json\/wp\/v2\/types\/product"}],"wp:featuredmedia":[{"embeddable":true,"href":"https:\/\/casaitaliagourmet.com\/catalogo\/wp-json\/wp\/v2\/media\/1223"}],"wp:attachment":[{"href":"https:\/\/casaitaliagourmet.com\/catalogo\/wp-json\/wp\/v2\/media?parent=363"}],"wp:term":[{"taxonomy":"product_cat","embeddable":true,"href":"https:\/\/casaitaliagourmet.com\/catalogo\/wp-json\/wp\/v2\/product_cat?post=363"},{"taxonomy":"product_tag","embeddable":true,"href":"https:\/\/casaitaliagourmet.com\/catalogo\/wp-json\/wp\/v2\/product_tag?post=363"}],"curies":[{"name":"wp","href":"https:\/\/api.w.org\/{rel}","templated":true}]}}