{"id":377,"date":"2023-04-27T22:39:51","date_gmt":"2023-04-28T03:39:51","guid":{"rendered":"https:\/\/casaitaliagourmet.com\/catalogo\/?post_type=product&#038;p=377"},"modified":"2023-06-28T14:42:14","modified_gmt":"2023-06-28T19:42:14","slug":"prosciutto-250-g","status":"publish","type":"product","link":"https:\/\/casaitaliagourmet.com\/catalogo\/producto\/prosciutto-250-g\/","title":{"rendered":"Prosciutto 250 g"},"content":{"rendered":"<p>El Prosciutto Nazionale es un tipo de jam\u00f3n italiano curado, reconocido por su calidad y tradici\u00f3n. Se elabora con cerdos criados en Italia y siguiendo m\u00e9todos de producci\u00f3n artesanales. Su sabor es intenso y su textura es suave y jugosa, por su presentaci\u00f3n de f\u00e1cil manipulaci\u00f3n, los convierte en un ingrediente estrella a la hora de acompa\u00f1ar cualquier preparaci\u00f3n.<\/p>\n","protected":false},"excerpt":{"rendered":"<p>El Prosciutto Nazionale es un tipo de jam\u00f3n italiano curado, reconocido por su calidad y tradici\u00f3n. Se elabora con cerdos criados en Italia y siguiendo m\u00e9todos de producci\u00f3n artesanales. Su sabor es intenso y su textura es suave y jugosa, por su presentaci\u00f3n de f\u00e1cil manipulaci\u00f3n, los convierte en un ingrediente estrella a la hora de acompa\u00f1ar cualquier preparaci\u00f3n.<\/p>\n","protected":false},"featured_media":1102,"template":"","meta":[],"product_cat":[22,16],"product_tag":[],"class_list":{"0":"post-377","1":"product","2":"type-product","3":"status-publish","4":"has-post-thumbnail","6":"product_brand-distribuido-por-cig","7":"product_cat-carnicos","8":"product_cat-productos","9":"product_shipping_class-courier","11":"first","12":"instock","13":"shipping-taxable","14":"purchasable","15":"product-type-simple"},"_links":{"self":[{"href":"https:\/\/casaitaliagourmet.com\/catalogo\/wp-json\/wp\/v2\/product\/377","targetHints":{"allow":["GET"]}}],"collection":[{"href":"https:\/\/casaitaliagourmet.com\/catalogo\/wp-json\/wp\/v2\/product"}],"about":[{"href":"https:\/\/casaitaliagourmet.com\/catalogo\/wp-json\/wp\/v2\/types\/product"}],"wp:featuredmedia":[{"embeddable":true,"href":"https:\/\/casaitaliagourmet.com\/catalogo\/wp-json\/wp\/v2\/media\/1102"}],"wp:attachment":[{"href":"https:\/\/casaitaliagourmet.com\/catalogo\/wp-json\/wp\/v2\/media?parent=377"}],"wp:term":[{"taxonomy":"product_cat","embeddable":true,"href":"https:\/\/casaitaliagourmet.com\/catalogo\/wp-json\/wp\/v2\/product_cat?post=377"},{"taxonomy":"product_tag","embeddable":true,"href":"https:\/\/casaitaliagourmet.com\/catalogo\/wp-json\/wp\/v2\/product_tag?post=377"}],"curies":[{"name":"wp","href":"https:\/\/api.w.org\/{rel}","templated":true}]}}