{"id":378,"date":"2023-04-27T22:41:48","date_gmt":"2023-04-28T03:41:48","guid":{"rendered":"https:\/\/casaitaliagourmet.com\/catalogo\/?post_type=product&#038;p=378"},"modified":"2023-06-28T14:44:46","modified_gmt":"2023-06-28T19:44:46","slug":"speck-italiano-100-g","status":"publish","type":"product","link":"https:\/\/casaitaliagourmet.com\/catalogo\/producto\/speck-italiano-100-g\/","title":{"rendered":"Speck italiano 100 g"},"content":{"rendered":"<p>El Speck Italiano es un embutido ahumado originario de la regi\u00f3n de Tirol del sur, en Italia. Se elabora con una cuidadosa selecci\u00f3n de muslos de cerdo, que se sazonan con especias y se ah\u00faman lentamente. Es reconocido por su sabor ahumado, su textura jugosa y su equilibrio entre la grasa y la carne. Sus rodajas finas se pueden disfrutar como aperitivo, en s\u00e1ndwiches o como ingrediente en platos de pasta y ensaladas.<\/p>\n","protected":false},"excerpt":{"rendered":"<p>El Speck Italiano es un embutido ahumado originario de la regi\u00f3n de Tirol del sur, en Italia. Se elabora con una cuidadosa selecci\u00f3n de muslos de cerdo, que se sazonan con especias y se ah\u00faman lentamente. Es reconocido por su sabor ahumado, su textura jugosa y su equilibrio entre la grasa y la carne. Sus rodajas finas se pueden disfrutar como aperitivo, en s\u00e1ndwiches o como ingrediente en platos de pasta y ensaladas.<\/p>\n","protected":false},"featured_media":1106,"template":"","meta":[],"product_cat":[22,16],"product_tag":[],"class_list":{"0":"post-378","1":"product","2":"type-product","3":"status-publish","4":"has-post-thumbnail","6":"product_brand-distribuido-por-cig","7":"product_cat-carnicos","8":"product_cat-productos","9":"product_shipping_class-courier","11":"first","12":"instock","13":"shipping-taxable","14":"purchasable","15":"product-type-simple"},"_links":{"self":[{"href":"https:\/\/casaitaliagourmet.com\/catalogo\/wp-json\/wp\/v2\/product\/378","targetHints":{"allow":["GET"]}}],"collection":[{"href":"https:\/\/casaitaliagourmet.com\/catalogo\/wp-json\/wp\/v2\/product"}],"about":[{"href":"https:\/\/casaitaliagourmet.com\/catalogo\/wp-json\/wp\/v2\/types\/product"}],"wp:featuredmedia":[{"embeddable":true,"href":"https:\/\/casaitaliagourmet.com\/catalogo\/wp-json\/wp\/v2\/media\/1106"}],"wp:attachment":[{"href":"https:\/\/casaitaliagourmet.com\/catalogo\/wp-json\/wp\/v2\/media?parent=378"}],"wp:term":[{"taxonomy":"product_cat","embeddable":true,"href":"https:\/\/casaitaliagourmet.com\/catalogo\/wp-json\/wp\/v2\/product_cat?post=378"},{"taxonomy":"product_tag","embeddable":true,"href":"https:\/\/casaitaliagourmet.com\/catalogo\/wp-json\/wp\/v2\/product_tag?post=378"}],"curies":[{"name":"wp","href":"https:\/\/api.w.org\/{rel}","templated":true}]}}