{"id":379,"date":"2023-04-27T22:43:37","date_gmt":"2023-04-28T03:43:37","guid":{"rendered":"https:\/\/casaitaliagourmet.com\/catalogo\/?post_type=product&#038;p=379"},"modified":"2023-06-28T14:39:41","modified_gmt":"2023-06-28T19:39:41","slug":"mortadella-100-g","status":"publish","type":"product","link":"https:\/\/casaitaliagourmet.com\/catalogo\/producto\/mortadella-100-g\/","title":{"rendered":"Mortadella 100 g"},"content":{"rendered":"<p>La Mortadela es un embutido italiano de origen bolo\u00f1\u00e9s, elaborado con carne de cerdo finamente picada y condimentada con especias como pimienta y pistachos. Es reconocible por su caracter\u00edstica textura suave y uniforme, y por los trozos de grasa distribuidos por todo el embutido. Por su presentaci\u00f3n en rodajas, se puede disfrutar como parte de un s\u00e1ndwich o como ingrediente en ensaladas y platos fr\u00edos.<\/p>\n","protected":false},"excerpt":{"rendered":"<p>La Mortadela es un embutido italiano de origen bolo\u00f1\u00e9s, elaborado con carne de cerdo finamente picada y condimentada con especias como pimienta y pistachos. Es reconocible por su caracter\u00edstica textura suave y uniforme, y por los trozos de grasa distribuidos por todo el embutido. Por su presentaci\u00f3n en rodajas, se puede disfrutar como parte de un s\u00e1ndwich o como ingrediente en ensaladas y platos fr\u00edos.<\/p>\n","protected":false},"featured_media":1109,"template":"","meta":[],"product_cat":[22,16],"product_tag":[],"class_list":{"0":"post-379","1":"product","2":"type-product","3":"status-publish","4":"has-post-thumbnail","6":"product_brand-distribuido-por-cig","7":"product_cat-carnicos","8":"product_cat-productos","9":"product_shipping_class-courier","11":"first","12":"instock","13":"shipping-taxable","14":"purchasable","15":"product-type-simple"},"_links":{"self":[{"href":"https:\/\/casaitaliagourmet.com\/catalogo\/wp-json\/wp\/v2\/product\/379","targetHints":{"allow":["GET"]}}],"collection":[{"href":"https:\/\/casaitaliagourmet.com\/catalogo\/wp-json\/wp\/v2\/product"}],"about":[{"href":"https:\/\/casaitaliagourmet.com\/catalogo\/wp-json\/wp\/v2\/types\/product"}],"wp:featuredmedia":[{"embeddable":true,"href":"https:\/\/casaitaliagourmet.com\/catalogo\/wp-json\/wp\/v2\/media\/1109"}],"wp:attachment":[{"href":"https:\/\/casaitaliagourmet.com\/catalogo\/wp-json\/wp\/v2\/media?parent=379"}],"wp:term":[{"taxonomy":"product_cat","embeddable":true,"href":"https:\/\/casaitaliagourmet.com\/catalogo\/wp-json\/wp\/v2\/product_cat?post=379"},{"taxonomy":"product_tag","embeddable":true,"href":"https:\/\/casaitaliagourmet.com\/catalogo\/wp-json\/wp\/v2\/product_tag?post=379"}],"curies":[{"name":"wp","href":"https:\/\/api.w.org\/{rel}","templated":true}]}}