{"id":382,"date":"2023-04-27T22:47:06","date_gmt":"2023-04-28T03:47:06","guid":{"rendered":"https:\/\/casaitaliagourmet.com\/catalogo\/?post_type=product&#038;p=382"},"modified":"2023-06-28T14:43:29","modified_gmt":"2023-06-28T19:43:29","slug":"salame-milano-100-g","status":"publish","type":"product","link":"https:\/\/casaitaliagourmet.com\/catalogo\/producto\/salame-milano-100-g\/","title":{"rendered":"Salame Milano 100 g"},"content":{"rendered":"<p>El Salame Milano es un embutido italiano originario de la regi\u00f3n de Lombard\u00eda. Se elabora con una mezcla de carne de cerdo picada finamente y condimentos como ajo, pimienta y vino blanco. Su sabor es suave y equilibrado, con una textura firme y ligeramente grasa. Es muy vers\u00e1til en la cocina y por su corte se utiliza en s\u00e1ndwiches, tablas de embutidos y platos fr\u00edos.<\/p>\n","protected":false},"excerpt":{"rendered":"<p>El Salame Milano es un embutido italiano originario de la regi\u00f3n de Lombard\u00eda. Se elabora con una mezcla de carne de cerdo picada finamente y condimentos como ajo, pimienta y vino blanco. Su sabor es suave y equilibrado, con una textura firme y ligeramente grasa. Es muy vers\u00e1til en la cocina y por su corte se utiliza en s\u00e1ndwiches, tablas de embutidos y platos fr\u00edos.<\/p>\n","protected":false},"featured_media":1104,"template":"","meta":[],"product_cat":[22,16],"product_tag":[],"class_list":{"0":"post-382","1":"product","2":"type-product","3":"status-publish","4":"has-post-thumbnail","6":"product_brand-distribuido-por-cig","7":"product_cat-carnicos","8":"product_cat-productos","9":"product_shipping_class-courier","11":"first","12":"instock","13":"shipping-taxable","14":"purchasable","15":"product-type-simple"},"_links":{"self":[{"href":"https:\/\/casaitaliagourmet.com\/catalogo\/wp-json\/wp\/v2\/product\/382","targetHints":{"allow":["GET"]}}],"collection":[{"href":"https:\/\/casaitaliagourmet.com\/catalogo\/wp-json\/wp\/v2\/product"}],"about":[{"href":"https:\/\/casaitaliagourmet.com\/catalogo\/wp-json\/wp\/v2\/types\/product"}],"wp:featuredmedia":[{"embeddable":true,"href":"https:\/\/casaitaliagourmet.com\/catalogo\/wp-json\/wp\/v2\/media\/1104"}],"wp:attachment":[{"href":"https:\/\/casaitaliagourmet.com\/catalogo\/wp-json\/wp\/v2\/media?parent=382"}],"wp:term":[{"taxonomy":"product_cat","embeddable":true,"href":"https:\/\/casaitaliagourmet.com\/catalogo\/wp-json\/wp\/v2\/product_cat?post=382"},{"taxonomy":"product_tag","embeddable":true,"href":"https:\/\/casaitaliagourmet.com\/catalogo\/wp-json\/wp\/v2\/product_tag?post=382"}],"curies":[{"name":"wp","href":"https:\/\/api.w.org\/{rel}","templated":true}]}}