{"id":398,"date":"2023-04-29T01:49:18","date_gmt":"2023-04-29T06:49:18","guid":{"rendered":"https:\/\/casaitaliagourmet.com\/catalogo\/?post_type=product&#038;p=398"},"modified":"2023-06-30T03:34:35","modified_gmt":"2023-06-30T08:34:35","slug":"salsa-de-tomate-cherry-y-aji-260-g-agromonte","status":"publish","type":"product","link":"https:\/\/casaitaliagourmet.com\/catalogo\/producto\/salsa-de-tomate-cherry-y-aji-260-g-agromonte\/","title":{"rendered":"Salsa de tomate cherry y aj\u00ed 260 g Agromonte"},"content":{"rendered":"<p>Salsa de tomate cherry y aj\u00ed, Agromonte, ideal para quienes que disfrutan de un sabor m\u00e1s picante, envase de 260 g.<\/p>\n<p>Sugo di pomodoro ciliegino all\u2019arrabbiata.<\/p>\n","protected":false},"excerpt":{"rendered":"<p>Salsa de tomate cherry y aj\u00ed, Agromonte, ideal para quienes que disfrutan de un sabor m\u00e1s picante, envase de 260 g.<\/p>\n<p>Sugo di pomodoro ciliegino all\u2019arrabbiata.<\/p>\n","protected":false},"featured_media":0,"template":"","meta":[],"product_cat":[16,23],"product_tag":[],"class_list":{"0":"post-398","1":"product","2":"type-product","3":"status-publish","5":"product_brand-distribuido-por-cig","6":"product_cat-productos","7":"product_cat-tomate","8":"product_shipping_class-courier","10":"first","11":"instock","12":"shipping-taxable","13":"purchasable","14":"product-type-simple"},"_links":{"self":[{"href":"https:\/\/casaitaliagourmet.com\/catalogo\/wp-json\/wp\/v2\/product\/398","targetHints":{"allow":["GET"]}}],"collection":[{"href":"https:\/\/casaitaliagourmet.com\/catalogo\/wp-json\/wp\/v2\/product"}],"about":[{"href":"https:\/\/casaitaliagourmet.com\/catalogo\/wp-json\/wp\/v2\/types\/product"}],"wp:attachment":[{"href":"https:\/\/casaitaliagourmet.com\/catalogo\/wp-json\/wp\/v2\/media?parent=398"}],"wp:term":[{"taxonomy":"product_cat","embeddable":true,"href":"https:\/\/casaitaliagourmet.com\/catalogo\/wp-json\/wp\/v2\/product_cat?post=398"},{"taxonomy":"product_tag","embeddable":true,"href":"https:\/\/casaitaliagourmet.com\/catalogo\/wp-json\/wp\/v2\/product_tag?post=398"}],"curies":[{"name":"wp","href":"https:\/\/api.w.org\/{rel}","templated":true}]}}