{"id":417,"date":"2023-04-29T02:16:49","date_gmt":"2023-04-29T07:16:49","guid":{"rendered":"https:\/\/casaitaliagourmet.com\/catalogo\/?post_type=product&#038;p=417"},"modified":"2023-06-30T02:56:05","modified_gmt":"2023-06-30T07:56:05","slug":"aceite-de-oliva-evo-aromatizado-con-limon-250-ml-quattrociocchi","status":"publish","type":"product","link":"https:\/\/casaitaliagourmet.com\/catalogo\/producto\/aceite-de-oliva-evo-aromatizado-con-limon-250-ml-quattrociocchi\/","title":{"rendered":"Aceite de oliva EVO aromatizado con Lim\u00f3n 250 ml Quattrociocchi"},"content":{"rendered":"<p>Aceite de oliva extra virgen org\u00e1nico (EVO) aromatizado con Lim\u00f3n, Quattrociocchi, da un toque c\u00edtrico y refrescante a pescados, mariscos y ensaladas, envase de 250 ml.<\/p>\n","protected":false},"excerpt":{"rendered":"<p>Aceite de oliva extra virgen org\u00e1nico (EVO) aromatizado con Lim\u00f3n, Quattrociocchi, da un toque c\u00edtrico y refrescante a pescados, mariscos y ensaladas, envase de 250 ml.<\/p>\n","protected":false},"featured_media":1200,"template":"","meta":[],"product_cat":[24,16],"product_tag":[],"class_list":{"0":"post-417","1":"product","2":"type-product","3":"status-publish","4":"has-post-thumbnail","6":"product_brand-distribuido-por-cig","7":"product_cat-aceite","8":"product_cat-productos","9":"product_shipping_class-courier","11":"first","12":"instock","13":"shipping-taxable","14":"purchasable","15":"product-type-simple"},"_links":{"self":[{"href":"https:\/\/casaitaliagourmet.com\/catalogo\/wp-json\/wp\/v2\/product\/417","targetHints":{"allow":["GET"]}}],"collection":[{"href":"https:\/\/casaitaliagourmet.com\/catalogo\/wp-json\/wp\/v2\/product"}],"about":[{"href":"https:\/\/casaitaliagourmet.com\/catalogo\/wp-json\/wp\/v2\/types\/product"}],"wp:featuredmedia":[{"embeddable":true,"href":"https:\/\/casaitaliagourmet.com\/catalogo\/wp-json\/wp\/v2\/media\/1200"}],"wp:attachment":[{"href":"https:\/\/casaitaliagourmet.com\/catalogo\/wp-json\/wp\/v2\/media?parent=417"}],"wp:term":[{"taxonomy":"product_cat","embeddable":true,"href":"https:\/\/casaitaliagourmet.com\/catalogo\/wp-json\/wp\/v2\/product_cat?post=417"},{"taxonomy":"product_tag","embeddable":true,"href":"https:\/\/casaitaliagourmet.com\/catalogo\/wp-json\/wp\/v2\/product_tag?post=417"}],"curies":[{"name":"wp","href":"https:\/\/api.w.org\/{rel}","templated":true}]}}