{"id":424,"date":"2023-04-29T02:27:12","date_gmt":"2023-04-29T07:27:12","guid":{"rendered":"https:\/\/casaitaliagourmet.com\/catalogo\/?post_type=product&#038;p=424"},"modified":"2023-06-30T02:45:35","modified_gmt":"2023-06-30T07:45:35","slug":"aceite-de-oliva-ev-en-jarra-de-ceramica-500-ml-galantino","status":"publish","type":"product","link":"https:\/\/casaitaliagourmet.com\/catalogo\/producto\/aceite-de-oliva-ev-en-jarra-de-ceramica-500-ml-galantino\/","title":{"rendered":"Aceite de oliva EV en jarra de cer\u00e1mica 500 ml Galantino"},"content":{"rendered":"<p>Aceite de oliva extra virgen (EV) de alta calidad, Galantino, envasado en una hermosa jarra de cer\u00e1mica de 500 ml, ideal para regalo o para realzar la presentaci\u00f3n en la mesa, perfecto para aderezar ensaladas y platos mediterr\u00e1neos.<\/p>\n","protected":false},"excerpt":{"rendered":"<p>Aceite de oliva extra virgen (EV) de alta calidad, Galantino, envasado en una hermosa jarra de cer\u00e1mica de 500 ml, ideal para regalo o para realzar la presentaci\u00f3n en la mesa, perfecto para aderezar ensaladas y platos mediterr\u00e1neos.<\/p>\n","protected":false},"featured_media":1194,"template":"","meta":[],"product_cat":[24,16],"product_tag":[],"class_list":{"0":"post-424","1":"product","2":"type-product","3":"status-publish","4":"has-post-thumbnail","6":"product_brand-distribuido-por-cig","7":"product_cat-aceite","8":"product_cat-productos","10":"first","11":"instock","12":"shipping-taxable","13":"purchasable","14":"product-type-simple"},"_links":{"self":[{"href":"https:\/\/casaitaliagourmet.com\/catalogo\/wp-json\/wp\/v2\/product\/424","targetHints":{"allow":["GET"]}}],"collection":[{"href":"https:\/\/casaitaliagourmet.com\/catalogo\/wp-json\/wp\/v2\/product"}],"about":[{"href":"https:\/\/casaitaliagourmet.com\/catalogo\/wp-json\/wp\/v2\/types\/product"}],"wp:featuredmedia":[{"embeddable":true,"href":"https:\/\/casaitaliagourmet.com\/catalogo\/wp-json\/wp\/v2\/media\/1194"}],"wp:attachment":[{"href":"https:\/\/casaitaliagourmet.com\/catalogo\/wp-json\/wp\/v2\/media?parent=424"}],"wp:term":[{"taxonomy":"product_cat","embeddable":true,"href":"https:\/\/casaitaliagourmet.com\/catalogo\/wp-json\/wp\/v2\/product_cat?post=424"},{"taxonomy":"product_tag","embeddable":true,"href":"https:\/\/casaitaliagourmet.com\/catalogo\/wp-json\/wp\/v2\/product_tag?post=424"}],"curies":[{"name":"wp","href":"https:\/\/api.w.org\/{rel}","templated":true}]}}