{"id":428,"date":"2023-04-29T03:16:09","date_gmt":"2023-04-29T08:16:09","guid":{"rendered":"https:\/\/casaitaliagourmet.com\/catalogo\/?post_type=product&#038;p=428"},"modified":"2023-06-30T08:07:07","modified_gmt":"2023-06-30T13:07:07","slug":"aceite-de-oliva-ev-citrico-limon-250-ml-galantino","status":"publish","type":"product","link":"https:\/\/casaitaliagourmet.com\/catalogo\/producto\/aceite-de-oliva-ev-citrico-limon-250-ml-galantino\/","title":{"rendered":"Aceite de oliva EV c\u00edtrico Lim\u00f3n 250 ml Galantino"},"content":{"rendered":"<p>Aceite de oliva extra virgen infusionado con Lim\u00f3n, para dar un toque c\u00edtrico y refrescante a pescados, mariscos y ensaladas.<\/p>\n","protected":false},"excerpt":{"rendered":"<p>Aceite de oliva extra virgen infusionado con Lim\u00f3n, para dar un toque c\u00edtrico y refrescante a pescados, mariscos y ensaladas.<\/p>\n","protected":false},"featured_media":1250,"template":"","meta":[],"product_cat":[24,16],"product_tag":[],"class_list":{"0":"post-428","1":"product","2":"type-product","3":"status-publish","4":"has-post-thumbnail","6":"product_brand-distribuido-por-cig","7":"product_cat-aceite","8":"product_cat-productos","9":"product_shipping_class-courier","11":"first","12":"instock","13":"shipping-taxable","14":"purchasable","15":"product-type-simple"},"_links":{"self":[{"href":"https:\/\/casaitaliagourmet.com\/catalogo\/wp-json\/wp\/v2\/product\/428","targetHints":{"allow":["GET"]}}],"collection":[{"href":"https:\/\/casaitaliagourmet.com\/catalogo\/wp-json\/wp\/v2\/product"}],"about":[{"href":"https:\/\/casaitaliagourmet.com\/catalogo\/wp-json\/wp\/v2\/types\/product"}],"wp:featuredmedia":[{"embeddable":true,"href":"https:\/\/casaitaliagourmet.com\/catalogo\/wp-json\/wp\/v2\/media\/1250"}],"wp:attachment":[{"href":"https:\/\/casaitaliagourmet.com\/catalogo\/wp-json\/wp\/v2\/media?parent=428"}],"wp:term":[{"taxonomy":"product_cat","embeddable":true,"href":"https:\/\/casaitaliagourmet.com\/catalogo\/wp-json\/wp\/v2\/product_cat?post=428"},{"taxonomy":"product_tag","embeddable":true,"href":"https:\/\/casaitaliagourmet.com\/catalogo\/wp-json\/wp\/v2\/product_tag?post=428"}],"curies":[{"name":"wp","href":"https:\/\/api.w.org\/{rel}","templated":true}]}}