{"id":431,"date":"2023-04-29T03:20:54","date_gmt":"2023-04-29T08:20:54","guid":{"rendered":"https:\/\/casaitaliagourmet.com\/catalogo\/?post_type=product&#038;p=431"},"modified":"2023-06-28T10:41:49","modified_gmt":"2023-06-28T15:41:49","slug":"reduccion-vinagre-original-250-ml","status":"publish","type":"product","link":"https:\/\/casaitaliagourmet.com\/catalogo\/producto\/reduccion-vinagre-original-250-ml\/","title":{"rendered":"Reducci\u00f3n vinagre original 250 ml"},"content":{"rendered":"<p>Una deliciosa reducci\u00f3n de vinagre bals\u00e1mico con un sabor dulce y agridulce, ideal para realzar el sabor de ensaladas, carnes, quesos y postres. Su textura espesa y suave a\u00f1ade un toque elegante a tus platos, envase de 250 ml.<\/p>\n","protected":false},"excerpt":{"rendered":"<p>Una deliciosa reducci\u00f3n de vinagre bals\u00e1mico con un sabor dulce y agridulce, ideal para realzar el sabor de ensaladas, carnes, quesos y postres. Su textura espesa y suave a\u00f1ade un toque elegante a tus platos, envase de 250 ml.<\/p>\n","protected":false},"featured_media":1097,"template":"","meta":[],"product_cat":[16,25],"product_tag":[],"class_list":{"0":"post-431","1":"product","2":"type-product","3":"status-publish","4":"has-post-thumbnail","6":"product_brand-distribuido-por-cig","7":"product_cat-productos","8":"product_cat-reducciones","9":"product_shipping_class-courier","11":"first","12":"instock","13":"shipping-taxable","14":"purchasable","15":"product-type-simple"},"_links":{"self":[{"href":"https:\/\/casaitaliagourmet.com\/catalogo\/wp-json\/wp\/v2\/product\/431","targetHints":{"allow":["GET"]}}],"collection":[{"href":"https:\/\/casaitaliagourmet.com\/catalogo\/wp-json\/wp\/v2\/product"}],"about":[{"href":"https:\/\/casaitaliagourmet.com\/catalogo\/wp-json\/wp\/v2\/types\/product"}],"wp:featuredmedia":[{"embeddable":true,"href":"https:\/\/casaitaliagourmet.com\/catalogo\/wp-json\/wp\/v2\/media\/1097"}],"wp:attachment":[{"href":"https:\/\/casaitaliagourmet.com\/catalogo\/wp-json\/wp\/v2\/media?parent=431"}],"wp:term":[{"taxonomy":"product_cat","embeddable":true,"href":"https:\/\/casaitaliagourmet.com\/catalogo\/wp-json\/wp\/v2\/product_cat?post=431"},{"taxonomy":"product_tag","embeddable":true,"href":"https:\/\/casaitaliagourmet.com\/catalogo\/wp-json\/wp\/v2\/product_tag?post=431"}],"curies":[{"name":"wp","href":"https:\/\/api.w.org\/{rel}","templated":true}]}}