{"id":468,"date":"2023-04-29T04:05:52","date_gmt":"2023-04-29T09:05:52","guid":{"rendered":"https:\/\/casaitaliagourmet.com\/catalogo\/?post_type=product&#038;p=468"},"modified":"2023-06-30T01:16:44","modified_gmt":"2023-06-30T06:16:44","slug":"alcachofas-corazones-280-g-damico","status":"publish","type":"product","link":"https:\/\/casaitaliagourmet.com\/catalogo\/producto\/alcachofas-corazones-280-g-damico\/","title":{"rendered":"Alcachofas (Corazones) 280 g D&#8217;Amico"},"content":{"rendered":"<p>Alcachofas (Corazones), D&#8217;Amico, listas para disfrutarse como guarnici\u00f3n, en ensaladas o en platos principales, una opci\u00f3n saludable y vers\u00e1til para a\u00f1adir a la dieta, envase de 280 g.<\/p>\n","protected":false},"excerpt":{"rendered":"<p>Alcachofas (Corazones), D&#8217;Amico, listas para disfrutarse como guarnici\u00f3n, en ensaladas o en platos principales, una opci\u00f3n saludable y vers\u00e1til para a\u00f1adir a la dieta, envase de 280 g.<\/p>\n","protected":false},"featured_media":1144,"template":"","meta":[],"product_cat":[27,16],"product_tag":[],"class_list":{"0":"post-468","1":"product","2":"type-product","3":"status-publish","4":"has-post-thumbnail","6":"product_brand-distribuido-por-cig","7":"product_cat-conservas","8":"product_cat-productos","9":"product_shipping_class-courier","11":"first","12":"instock","13":"shipping-taxable","14":"purchasable","15":"product-type-simple"},"_links":{"self":[{"href":"https:\/\/casaitaliagourmet.com\/catalogo\/wp-json\/wp\/v2\/product\/468","targetHints":{"allow":["GET"]}}],"collection":[{"href":"https:\/\/casaitaliagourmet.com\/catalogo\/wp-json\/wp\/v2\/product"}],"about":[{"href":"https:\/\/casaitaliagourmet.com\/catalogo\/wp-json\/wp\/v2\/types\/product"}],"wp:featuredmedia":[{"embeddable":true,"href":"https:\/\/casaitaliagourmet.com\/catalogo\/wp-json\/wp\/v2\/media\/1144"}],"wp:attachment":[{"href":"https:\/\/casaitaliagourmet.com\/catalogo\/wp-json\/wp\/v2\/media?parent=468"}],"wp:term":[{"taxonomy":"product_cat","embeddable":true,"href":"https:\/\/casaitaliagourmet.com\/catalogo\/wp-json\/wp\/v2\/product_cat?post=468"},{"taxonomy":"product_tag","embeddable":true,"href":"https:\/\/casaitaliagourmet.com\/catalogo\/wp-json\/wp\/v2\/product_tag?post=468"}],"curies":[{"name":"wp","href":"https:\/\/api.w.org\/{rel}","templated":true}]}}