{"id":469,"date":"2023-04-29T04:10:51","date_gmt":"2023-04-29T09:10:51","guid":{"rendered":"https:\/\/casaitaliagourmet.com\/catalogo\/?post_type=product&#038;p=469"},"modified":"2023-06-30T01:40:11","modified_gmt":"2023-06-30T06:40:11","slug":"filetes-de-berenjena-460-g-damico","status":"publish","type":"product","link":"https:\/\/casaitaliagourmet.com\/catalogo\/producto\/filetes-de-berenjena-460-g-damico\/","title":{"rendered":"Filetes de Berenjena 460 g D&#8217;Amico"},"content":{"rendered":"<p>Filetes de Berenjena, D&#8217;Amico, son una opci\u00f3n vers\u00e1til y sabrosa para los platos, est\u00e1n cortadas en finas l\u00e1minas listas para usar, ya sea para preparar s\u00e1ndwiches, ensaladas o como guarnici\u00f3n, su textura tierna y suave sabor las convierten en un complemento delicioso para las recetas, envase de 460 g.<\/p>\n","protected":false},"excerpt":{"rendered":"<p>Filetes de Berenjena, D&#8217;Amico, son una opci\u00f3n vers\u00e1til y sabrosa para los platos, est\u00e1n cortadas en finas l\u00e1minas listas para usar, ya sea para preparar s\u00e1ndwiches, ensaladas o como guarnici\u00f3n, su textura tierna y suave sabor las convierten en un complemento delicioso para las recetas, envase de 460 g.<\/p>\n","protected":false},"featured_media":1158,"template":"","meta":[],"product_cat":[27,16],"product_tag":[],"class_list":{"0":"post-469","1":"product","2":"type-product","3":"status-publish","4":"has-post-thumbnail","6":"product_brand-distribuido-por-cig","7":"product_cat-conservas","8":"product_cat-productos","9":"product_shipping_class-courier","11":"first","12":"instock","13":"shipping-taxable","14":"purchasable","15":"product-type-simple"},"_links":{"self":[{"href":"https:\/\/casaitaliagourmet.com\/catalogo\/wp-json\/wp\/v2\/product\/469","targetHints":{"allow":["GET"]}}],"collection":[{"href":"https:\/\/casaitaliagourmet.com\/catalogo\/wp-json\/wp\/v2\/product"}],"about":[{"href":"https:\/\/casaitaliagourmet.com\/catalogo\/wp-json\/wp\/v2\/types\/product"}],"wp:featuredmedia":[{"embeddable":true,"href":"https:\/\/casaitaliagourmet.com\/catalogo\/wp-json\/wp\/v2\/media\/1158"}],"wp:attachment":[{"href":"https:\/\/casaitaliagourmet.com\/catalogo\/wp-json\/wp\/v2\/media?parent=469"}],"wp:term":[{"taxonomy":"product_cat","embeddable":true,"href":"https:\/\/casaitaliagourmet.com\/catalogo\/wp-json\/wp\/v2\/product_cat?post=469"},{"taxonomy":"product_tag","embeddable":true,"href":"https:\/\/casaitaliagourmet.com\/catalogo\/wp-json\/wp\/v2\/product_tag?post=469"}],"curies":[{"name":"wp","href":"https:\/\/api.w.org\/{rel}","templated":true}]}}