{"id":470,"date":"2023-04-29T04:12:35","date_gmt":"2023-04-29T09:12:35","guid":{"rendered":"https:\/\/casaitaliagourmet.com\/catalogo\/?post_type=product&#038;p=470"},"modified":"2023-06-30T08:04:06","modified_gmt":"2023-06-30T13:04:06","slug":"brocoli-estilo-napoles-280-g-damico","status":"publish","type":"product","link":"https:\/\/casaitaliagourmet.com\/catalogo\/producto\/brocoli-estilo-napoles-280-g-damico\/","title":{"rendered":"Br\u00f3coli estilo N\u00e1poles 280 g D&#8217;Amico"},"content":{"rendered":"<p>Br\u00f3coli estilo N\u00e1poles, D&#8217;Amico, br\u00f3colis listos para a\u00f1adir a sus platos favoritos, envase de 280 g.<\/p>\n","protected":false},"excerpt":{"rendered":"<p>Br\u00f3coli estilo N\u00e1poles, D&#8217;Amico, br\u00f3colis listos para a\u00f1adir a sus platos favoritos, envase de 280 g.<\/p>\n","protected":false},"featured_media":1249,"template":"","meta":[],"product_cat":[27,16],"product_tag":[],"class_list":{"0":"post-470","1":"product","2":"type-product","3":"status-publish","4":"has-post-thumbnail","6":"product_brand-distribuido-por-cig","7":"product_cat-conservas","8":"product_cat-productos","9":"product_shipping_class-courier","11":"first","12":"instock","13":"shipping-taxable","14":"purchasable","15":"product-type-simple"},"_links":{"self":[{"href":"https:\/\/casaitaliagourmet.com\/catalogo\/wp-json\/wp\/v2\/product\/470","targetHints":{"allow":["GET"]}}],"collection":[{"href":"https:\/\/casaitaliagourmet.com\/catalogo\/wp-json\/wp\/v2\/product"}],"about":[{"href":"https:\/\/casaitaliagourmet.com\/catalogo\/wp-json\/wp\/v2\/types\/product"}],"wp:featuredmedia":[{"embeddable":true,"href":"https:\/\/casaitaliagourmet.com\/catalogo\/wp-json\/wp\/v2\/media\/1249"}],"wp:attachment":[{"href":"https:\/\/casaitaliagourmet.com\/catalogo\/wp-json\/wp\/v2\/media?parent=470"}],"wp:term":[{"taxonomy":"product_cat","embeddable":true,"href":"https:\/\/casaitaliagourmet.com\/catalogo\/wp-json\/wp\/v2\/product_cat?post=470"},{"taxonomy":"product_tag","embeddable":true,"href":"https:\/\/casaitaliagourmet.com\/catalogo\/wp-json\/wp\/v2\/product_tag?post=470"}],"curies":[{"name":"wp","href":"https:\/\/api.w.org\/{rel}","templated":true}]}}