{"id":471,"date":"2023-04-29T04:13:54","date_gmt":"2023-04-29T09:13:54","guid":{"rendered":"https:\/\/casaitaliagourmet.com\/catalogo\/?post_type=product&#038;p=471"},"modified":"2023-06-30T01:17:38","modified_gmt":"2023-06-30T06:17:38","slug":"alcaparras-a-la-siciliana-frutos-280-g-damico","status":"publish","type":"product","link":"https:\/\/casaitaliagourmet.com\/catalogo\/producto\/alcaparras-a-la-siciliana-frutos-280-g-damico\/","title":{"rendered":"Alcaparras a la Siciliana (Frutos) 280 g D&#8217;Amico"},"content":{"rendered":"<p>Alcaparras a la Siciliana (Frutos), D&#8217;Amico, peque\u00f1os capullos de flores de alcaparras que han sido recolectados antes de abrir, con su sabor salado y ligeramente \u00e1cido son un condimento popular en la cocina mediterr\u00e1nea, a\u00f1aden un toque de sabor \u00fanico a platos como ensaladas, salsas, pescados y carnes, envase de 280 g.<\/p>\n","protected":false},"excerpt":{"rendered":"<p>Alcaparras a la Siciliana (Frutos), D&#8217;Amico, peque\u00f1os capullos de flores de alcaparras que han sido recolectados antes de abrir, con su sabor salado y ligeramente \u00e1cido son un condimento popular en la cocina mediterr\u00e1nea, a\u00f1aden un toque de sabor \u00fanico a platos como ensaladas, salsas, pescados y carnes, envase de 280 g.<\/p>\n","protected":false},"featured_media":1145,"template":"","meta":[],"product_cat":[27,16],"product_tag":[],"class_list":{"0":"post-471","1":"product","2":"type-product","3":"status-publish","4":"has-post-thumbnail","6":"product_brand-distribuido-por-cig","7":"product_cat-conservas","8":"product_cat-productos","9":"product_shipping_class-courier","11":"first","12":"instock","13":"shipping-taxable","14":"purchasable","15":"product-type-simple"},"_links":{"self":[{"href":"https:\/\/casaitaliagourmet.com\/catalogo\/wp-json\/wp\/v2\/product\/471","targetHints":{"allow":["GET"]}}],"collection":[{"href":"https:\/\/casaitaliagourmet.com\/catalogo\/wp-json\/wp\/v2\/product"}],"about":[{"href":"https:\/\/casaitaliagourmet.com\/catalogo\/wp-json\/wp\/v2\/types\/product"}],"wp:featuredmedia":[{"embeddable":true,"href":"https:\/\/casaitaliagourmet.com\/catalogo\/wp-json\/wp\/v2\/media\/1145"}],"wp:attachment":[{"href":"https:\/\/casaitaliagourmet.com\/catalogo\/wp-json\/wp\/v2\/media?parent=471"}],"wp:term":[{"taxonomy":"product_cat","embeddable":true,"href":"https:\/\/casaitaliagourmet.com\/catalogo\/wp-json\/wp\/v2\/product_cat?post=471"},{"taxonomy":"product_tag","embeddable":true,"href":"https:\/\/casaitaliagourmet.com\/catalogo\/wp-json\/wp\/v2\/product_tag?post=471"}],"curies":[{"name":"wp","href":"https:\/\/api.w.org\/{rel}","templated":true}]}}