{"id":490,"date":"2023-04-29T04:43:47","date_gmt":"2023-04-29T09:43:47","guid":{"rendered":"https:\/\/casaitaliagourmet.com\/catalogo\/?post_type=product&#038;p=490"},"modified":"2023-06-30T01:09:27","modified_gmt":"2023-06-30T06:09:27","slug":"aceitunas-condimentadas-a-la-napolitana-280-g-damico","status":"publish","type":"product","link":"https:\/\/casaitaliagourmet.com\/catalogo\/producto\/aceitunas-condimentadas-a-la-napolitana-280-g-damico\/","title":{"rendered":"Aceitunas Condimentadas a la Napolitana 280 g D&#8217;Amico"},"content":{"rendered":"<p>Aceitunas Condimentadas a la Napolitana, D&#8217;Amico, una elecci\u00f3n sabrosa y pr\u00e1ctica para las comidas, estas aceitunas vienen aderezadas con una variedad de especias y hierbas arom\u00e1ticas, lo que les confiere un sabor \u00fanico y delicioso, perfectas para ensaladas, bocadillos o para disfrutar solas como aperitivo, envase de 280 g.<\/p>\n","protected":false},"excerpt":{"rendered":"<p>Aceitunas Condimentadas a la Napolitana, D&#8217;Amico, una elecci\u00f3n sabrosa y pr\u00e1ctica para las comidas, estas aceitunas vienen aderezadas con una variedad de especias y hierbas arom\u00e1ticas, lo que les confiere un sabor \u00fanico y delicioso, perfectas para ensaladas, bocadillos o para disfrutar solas como aperitivo, envase de 280 g.<\/p>\n","protected":false},"featured_media":1140,"template":"","meta":[],"product_cat":[27,16],"product_tag":[],"class_list":{"0":"post-490","1":"product","2":"type-product","3":"status-publish","4":"has-post-thumbnail","6":"product_brand-distribuido-por-cig","7":"product_cat-conservas","8":"product_cat-productos","9":"product_shipping_class-courier","11":"first","12":"instock","13":"shipping-taxable","14":"purchasable","15":"product-type-simple"},"_links":{"self":[{"href":"https:\/\/casaitaliagourmet.com\/catalogo\/wp-json\/wp\/v2\/product\/490","targetHints":{"allow":["GET"]}}],"collection":[{"href":"https:\/\/casaitaliagourmet.com\/catalogo\/wp-json\/wp\/v2\/product"}],"about":[{"href":"https:\/\/casaitaliagourmet.com\/catalogo\/wp-json\/wp\/v2\/types\/product"}],"wp:featuredmedia":[{"embeddable":true,"href":"https:\/\/casaitaliagourmet.com\/catalogo\/wp-json\/wp\/v2\/media\/1140"}],"wp:attachment":[{"href":"https:\/\/casaitaliagourmet.com\/catalogo\/wp-json\/wp\/v2\/media?parent=490"}],"wp:term":[{"taxonomy":"product_cat","embeddable":true,"href":"https:\/\/casaitaliagourmet.com\/catalogo\/wp-json\/wp\/v2\/product_cat?post=490"},{"taxonomy":"product_tag","embeddable":true,"href":"https:\/\/casaitaliagourmet.com\/catalogo\/wp-json\/wp\/v2\/product_tag?post=490"}],"curies":[{"name":"wp","href":"https:\/\/api.w.org\/{rel}","templated":true}]}}