{"id":505,"date":"2023-04-29T05:07:36","date_gmt":"2023-04-29T10:07:36","guid":{"rendered":"https:\/\/casaitaliagourmet.com\/catalogo\/?post_type=product&#038;p=505"},"modified":"2023-06-28T17:43:35","modified_gmt":"2023-06-28T22:43:35","slug":"ventresca-de-atun-en-aceite-de-oliva-200-g","status":"publish","type":"product","link":"https:\/\/casaitaliagourmet.com\/catalogo\/producto\/ventresca-de-atun-en-aceite-de-oliva-200-g\/","title":{"rendered":"Ventresca de at\u00fan en aceite de oliva 200 g"},"content":{"rendered":"<p>La Ventresca de at\u00fan proveniente de la parte m\u00e1s jugosa y tierna del at\u00fan, ofrece una textura suave y un sabor intenso. Conservada en aceite de calidad, es ideal para ensaladas gourmet, tapas o para disfrutarla directamente.<\/p>\n","protected":false},"excerpt":{"rendered":"<p>La Ventresca de at\u00fan proveniente de la parte m\u00e1s jugosa y tierna del at\u00fan, ofrece una textura suave y un sabor intenso. Conservada en aceite de calidad, es ideal para ensaladas gourmet, tapas o para disfrutarla directamente.<\/p>\n","protected":false},"featured_media":1134,"template":"","meta":[],"product_cat":[28,16],"product_tag":[],"class_list":{"0":"post-505","1":"product","2":"type-product","3":"status-publish","4":"has-post-thumbnail","6":"product_brand-distribuido-por-cig","7":"product_cat-atun","8":"product_cat-productos","9":"product_shipping_class-courier","11":"first","12":"instock","13":"shipping-taxable","14":"purchasable","15":"product-type-simple"},"_links":{"self":[{"href":"https:\/\/casaitaliagourmet.com\/catalogo\/wp-json\/wp\/v2\/product\/505","targetHints":{"allow":["GET"]}}],"collection":[{"href":"https:\/\/casaitaliagourmet.com\/catalogo\/wp-json\/wp\/v2\/product"}],"about":[{"href":"https:\/\/casaitaliagourmet.com\/catalogo\/wp-json\/wp\/v2\/types\/product"}],"wp:featuredmedia":[{"embeddable":true,"href":"https:\/\/casaitaliagourmet.com\/catalogo\/wp-json\/wp\/v2\/media\/1134"}],"wp:attachment":[{"href":"https:\/\/casaitaliagourmet.com\/catalogo\/wp-json\/wp\/v2\/media?parent=505"}],"wp:term":[{"taxonomy":"product_cat","embeddable":true,"href":"https:\/\/casaitaliagourmet.com\/catalogo\/wp-json\/wp\/v2\/product_cat?post=505"},{"taxonomy":"product_tag","embeddable":true,"href":"https:\/\/casaitaliagourmet.com\/catalogo\/wp-json\/wp\/v2\/product_tag?post=505"}],"curies":[{"name":"wp","href":"https:\/\/api.w.org\/{rel}","templated":true}]}}