{"id":506,"date":"2023-04-29T05:09:03","date_gmt":"2023-04-29T10:09:03","guid":{"rendered":"https:\/\/casaitaliagourmet.com\/catalogo\/?post_type=product&#038;p=506"},"modified":"2023-06-28T17:42:41","modified_gmt":"2023-06-28T22:42:41","slug":"filete-de-atun-en-aceite-de-oliva-170-g","status":"publish","type":"product","link":"https:\/\/casaitaliagourmet.com\/catalogo\/producto\/filete-de-atun-en-aceite-de-oliva-170-g\/","title":{"rendered":"Filete de at\u00fan en aceite de oliva 170 g"},"content":{"rendered":"<p>Es una opci\u00f3n gourmet para los amantes del at\u00fan. Los filetes de at\u00fan de alta calidad se encuentran delicadamente conservados en aceite de oliva, lo que resalta su sabor y textura. Perfecto para ensaladas, canap\u00e9s o para degustar directamente.<\/p>\n","protected":false},"excerpt":{"rendered":"<p>Es una opci\u00f3n gourmet para los amantes del at\u00fan. Los filetes de at\u00fan de alta calidad se encuentran delicadamente conservados en aceite de oliva, lo que resalta su sabor y textura. Perfecto para ensaladas, canap\u00e9s o para degustar directamente.<\/p>\n","protected":false},"featured_media":1132,"template":"","meta":[],"product_cat":[28,16],"product_tag":[],"class_list":{"0":"post-506","1":"product","2":"type-product","3":"status-publish","4":"has-post-thumbnail","6":"product_brand-distribuido-por-cig","7":"product_cat-atun","8":"product_cat-productos","9":"product_shipping_class-courier","11":"first","12":"outofstock","13":"shipping-taxable","14":"purchasable","15":"product-type-simple"},"_links":{"self":[{"href":"https:\/\/casaitaliagourmet.com\/catalogo\/wp-json\/wp\/v2\/product\/506","targetHints":{"allow":["GET"]}}],"collection":[{"href":"https:\/\/casaitaliagourmet.com\/catalogo\/wp-json\/wp\/v2\/product"}],"about":[{"href":"https:\/\/casaitaliagourmet.com\/catalogo\/wp-json\/wp\/v2\/types\/product"}],"wp:featuredmedia":[{"embeddable":true,"href":"https:\/\/casaitaliagourmet.com\/catalogo\/wp-json\/wp\/v2\/media\/1132"}],"wp:attachment":[{"href":"https:\/\/casaitaliagourmet.com\/catalogo\/wp-json\/wp\/v2\/media?parent=506"}],"wp:term":[{"taxonomy":"product_cat","embeddable":true,"href":"https:\/\/casaitaliagourmet.com\/catalogo\/wp-json\/wp\/v2\/product_cat?post=506"},{"taxonomy":"product_tag","embeddable":true,"href":"https:\/\/casaitaliagourmet.com\/catalogo\/wp-json\/wp\/v2\/product_tag?post=506"}],"curies":[{"name":"wp","href":"https:\/\/api.w.org\/{rel}","templated":true}]}}