{"id":88,"date":"2023-04-25T03:42:43","date_gmt":"2023-04-25T08:42:43","guid":{"rendered":"https:\/\/casaitaliagourmet.com\/catalogo\/?post_type=product&#038;p=88"},"modified":"2023-06-30T05:02:23","modified_gmt":"2023-06-30T10:02:23","slug":"grana-padano","status":"publish","type":"product","link":"https:\/\/casaitaliagourmet.com\/catalogo\/producto\/grana-padano\/","title":{"rendered":"Grana Padano"},"content":{"rendered":"<p>Es una porci\u00f3n m\u00e1s peque\u00f1a del queso italiano Grana Padano. Es ideal para uso dom\u00e9stico y degustaci\u00f3n personal. Este queso de pasta dura y granulada tiene un sabor intenso, ligeramente salado y notas de nuez, perfecto para rallar sobre platos de pasta, ensaladas y gratinados.<\/p>\n<p>El peso de este producto var\u00eda, para adquirirlo comun\u00edcate con nosotros, cotizaremos el peso que deseas al precio que corresponde.<\/p>\n<p><strong>Servicio al Cliente<\/strong><br \/>\n:: Lunes a Viernes de 8:00 am a 3:00 pm.<br \/>\n:: S\u00e1bado: 8:00 am a 12:00 pm.<\/p>\n","protected":false},"excerpt":{"rendered":"<p>Es una porci\u00f3n m\u00e1s peque\u00f1a del queso italiano Grana Padano. Es ideal para uso dom\u00e9stico y degustaci\u00f3n personal. Este queso de pasta dura y granulada tiene un sabor intenso, ligeramente salado y notas de nuez, perfecto para rallar sobre platos de pasta, ensaladas y gratinados.<\/p>\n<p>El peso de este producto var\u00eda, para adquirirlo comun\u00edcate con nosotros, cotizaremos el peso que deseas al precio que corresponde.<\/p>\n<p><strong>Servicio al Cliente<\/strong><br \/>\n:: Lunes a Viernes de 8:00 am a 3:00 pm.<br \/>\n:: S\u00e1bado: 8:00 am a 12:00 pm.<\/p>\n","protected":false},"featured_media":1231,"template":"","meta":[],"product_cat":[16,19],"product_tag":[],"class_list":{"0":"post-88","1":"product","2":"type-product","3":"status-publish","4":"has-post-thumbnail","6":"product_brand-distribuido-por-cig","7":"product_cat-productos","8":"product_cat-queso","9":"product_shipping_class-courier","11":"first","12":"instock","13":"shipping-taxable","14":"purchasable","15":"product-type-simple"},"_links":{"self":[{"href":"https:\/\/casaitaliagourmet.com\/catalogo\/wp-json\/wp\/v2\/product\/88","targetHints":{"allow":["GET"]}}],"collection":[{"href":"https:\/\/casaitaliagourmet.com\/catalogo\/wp-json\/wp\/v2\/product"}],"about":[{"href":"https:\/\/casaitaliagourmet.com\/catalogo\/wp-json\/wp\/v2\/types\/product"}],"wp:featuredmedia":[{"embeddable":true,"href":"https:\/\/casaitaliagourmet.com\/catalogo\/wp-json\/wp\/v2\/media\/1231"}],"wp:attachment":[{"href":"https:\/\/casaitaliagourmet.com\/catalogo\/wp-json\/wp\/v2\/media?parent=88"}],"wp:term":[{"taxonomy":"product_cat","embeddable":true,"href":"https:\/\/casaitaliagourmet.com\/catalogo\/wp-json\/wp\/v2\/product_cat?post=88"},{"taxonomy":"product_tag","embeddable":true,"href":"https:\/\/casaitaliagourmet.com\/catalogo\/wp-json\/wp\/v2\/product_tag?post=88"}],"curies":[{"name":"wp","href":"https:\/\/api.w.org\/{rel}","templated":true}]}}